





{"id":2505,"date":"2022-09-02T10:09:05","date_gmt":"2022-09-02T08:09:05","guid":{"rendered":"https:\/\/lepatio-restaurant.ch\/accueil\/"},"modified":"2024-09-09T10:13:17","modified_gmt":"2024-09-09T08:13:17","slug":"accueil","status":"publish","type":"page","link":"https:\/\/lepatio-restaurant.ch\/en\/","title":{"rendered":"Home page"},"content":{"rendered":"<div class=\" container-fluid hero-page\" style=\"background-image:linear-gradient(0deg, transparent  -5%, rgba(0, 0, 0, 0.55) 120%), url('https:\/\/lepatio-restaurant.ch\/app\/uploads\/2022\/11\/lepatio-reserver.jpg');\" id=\"hero_block\">\n    <a href=\"https:\/\/lepatio-restaurant.ch\/en\/\" class=\"hero-logo-link\" > \n      <span class=\"hero-logo\" style=\"background-image: url('https:\/\/lepatio-restaurant.ch\/app\/themes\/sowh4t-wp-starter\/assets\/img\/le_patio_logo_blanc.svg');\"><\/span>\n        <\/a>\n\n\n    \n    \n\n      \n<section class=\"hero-menu\">\n  <div class=\"container\">\n    <div class=\"row hero-menu-row\">\n              <a href=\"https:\/\/lepatio-restaurant.ch\/en\/restaurant\/\" class=\"col-md-3 single-menu-column\" data-hover=\"Restaurant\">\n          <div id=\"hero_menu_block_1\" class=\"hero-menu-block\" data-image-hover-url=\"https:\/\/lepatio-restaurant.ch\/app\/uploads\/2022\/11\/lepatio-reserver.jpg\">\n            \n            Restaurant  \n            \n          <\/div>\n        <\/a>\n              <a href=\"https:\/\/lepatio-restaurant.ch\/en\/lepatio-private\/\" class=\"col-md-3 single-menu-column\" data-hover=\"Le Patio Private\">\n          <div id=\"hero_menu_block_2\" class=\"hero-menu-block\" data-image-hover-url=\"https:\/\/lepatio-restaurant.ch\/app\/uploads\/2022\/11\/1781.jpg\">\n            \n            Le Patio Private  \n            \n          <\/div>\n        <\/a>\n              <a href=\"https:\/\/lepatio-restaurant.ch\/en\/service-traiteur\/\" class=\"col-md-3 single-menu-column\" data-hover=\"Catering Service\">\n          <div id=\"hero_menu_block_3\" class=\"hero-menu-block\" data-image-hover-url=\"https:\/\/lepatio-restaurant.ch\/app\/uploads\/2022\/11\/Domaine-du-grand-Malagny-1.09.2022-web-5.jpg\">\n            \n            Catering Service  \n            \n          <\/div>\n        <\/a>\n              <a href=\"https:\/\/lepatio-restaurant.ch\/en\/#savoir-faire\" class=\"col-md-3 single-menu-column\" data-hover=\"The expertise\">\n          <div id=\"hero_menu_block_4\" class=\"hero-menu-block\" data-image-hover-url=\"https:\/\/lepatio-restaurant.ch\/app\/uploads\/2022\/11\/ARC1918.jpg\">\n            \n            The expertise  \n            \n          <\/div>\n        <\/a>\n          <\/div>\n  <\/div>\n<\/section>   \n\n<\/div>\n<div id=\"bouillon-content\"><\/div>\n\n<section class=\"block-text-image block-wrapper  bg-left\" id=\"restaurant\" style=\"background-color:#ffffff; background-image: url('https:\/\/lepatio-restaurant.ch\/app\/uploads\/2022\/11\/plateau.svg');\">\n  <div class=\"container \" >\n    <div class=\"row\">\n\n      <div class=\"col-md-6 content-column\">\n       \n        <div class=\"fields-subtitle\">\n          <h5 class=\"\"> AT THE HEART OF THE LEFT BANK <\/h5>\n        <\/div>\n        <div class=\"fields-title \">\n          <h3> A fashionable and cosmopolitan bistro <\/h3>\n        <\/div>\n        <div class=\"fields-image\">\n          <img decoding=\"async\" class=\"image-gauche\" src=\"https:\/\/lepatio-restaurant.ch\/app\/uploads\/2024\/05\/le-patio-restaurant-salle-2024-01.jpg\" alt=\"le-patio-restaurant-salle-2024-01-2\">\n        <\/div>\n      <\/div>\n\n      <div class=\"col-md-6 image-column image-right\">\n        <img decoding=\"async\" class=\"image-haut\" src=\"https:\/\/lepatio-restaurant.ch\/app\/uploads\/2024\/05\/le-patio-restaurant-plat-2024-01.jpg\" alt=\"le-patio-restaurant-plat-2024-01-2\">\n        <div class=\"fields-description\">\n          <p>Still the same but so different\u2026Located on the famous Boulevard Helv\u00e9tique, the restaurant, which has been well-known to Genevans for several generations, has built its reputation on the footprints of great chefs such as the unmistakable Philippe Chevrier. The walls of the restaurant, with their historic arches and stonework, have witnessed a succession of special moments, always around a good meal.<\/p>\n\n        <\/div>\n\n\n        <div class=\"button-container-wrapper\">\n\n                      <div class=\"row button-container\">\n              <a href=\"https:\/\/lepatio-restaurant.ch\/en\/restaurant\/#la-carte\" class=\"fields-button\">\n                MENU\n              <\/a>\n                            <a href=\"https:\/\/lepatio-restaurant.ch\/fr\/restaurant\/menus-de-la-semaine\/\" class=\"fields-button fields-button2\">\n                MENU OF THE DAY\n              <\/a>\n                          <\/div>\n                        \n                      <div class=\"row button-container\">\n              <a href=\"https:\/\/lepatio-restaurant.ch\/fr\/restaurant\/carte-des-vins\/\" class=\"fields-button\">\n                WINES\n              <\/a>\n                            <a href=\"https:\/\/lepatio-restaurant.ch\/en\/reservation\/\" class=\"fields-button fields-button2\">\n                BOOK\n              <\/a>\n              \n            <\/div>\n                    \n          <div class=\"row button-container\">\n          <a href=\"https:\/\/lepatio-restaurant.ch\/en\/restaurant\/menus-de-groupe\/\" class=\"fields-button fields-button2\">\n                GROUP MENU\n              <\/a>\n           \n                    \n                    <\/div>\n        <\/div>\n        \n      <\/div>\n\n    <\/div>\n  <\/div>\n<\/section>\n\n<section class=\"block-image-text block-wrapper bg-right\" style=\"background-color:#ededed; background-image: url('https:\/\/lepatio-restaurant.ch\/app\/uploads\/2022\/11\/viande_boeuf.svg');\" id=\"\">\n<div class=\"container \" >\n    <div class=\"row\">\n            <div class=\"col-md-6 image-column image-left\">\n        <img decoding=\"async\" class=\"image-haut\" src=\"https:\/\/lepatio-restaurant.ch\/app\/uploads\/2022\/11\/le-patio-cms-resto5.jpg\" alt=\"le-patio-cms-resto5-2\">\n        <div class=\"fields-description\">\n          <p>The menu created by Rodolphe Estiot-Braud, who has been with us since 2013, under the guidance of Philippe Chevrier, sends guests on a culinary journey with multiple influences. From the aromas of Asian lemon grass flavouring the lobster, to the irresistible garlic butter mousse covering fresh frogs\u2019 legs, Le Patio is undoubtedly a favourite haunt of connoisseurs of fine food.<\/p>\n\n        <\/div>\n        <div class=\"button-container-wrapper\">\n\n                      <div class=\"row button-container\">\n              <a href=\"\/restaurant#la-carte\" class=\"fields-button\">\n                MENU\n              <\/a>\n                            <a href=\"https:\/\/lepatio-restaurant.ch\/en\/restaurant\/menus-de-la-semaine\/\" class=\"fields-button fields-button2\">\n                MENU OF THE DAY\n              <\/a> \n                          <\/div>\n                        \n                      <div class=\"row button-container\">\n              <a href=\"https:\/\/lepatio-restaurant.ch\/fr\/restaurant\/carte-des-vins\/\" class=\"fields-button\">\n                WINES\n              <\/a>\n                            <a href=\"https:\/\/lepatio-restaurant.ch\/en\/reservation\/\" class=\"fields-button fields-button2\">\n                BOOK\n              <\/a>\n              \n            <\/div>\n                    \n          <div class=\"row button-container\">\n          <a href=\"https:\/\/lepatio-restaurant.ch\/fr\/restaurant\/menus-de-groupe\/\" class=\"fields-button fields-button2\">\n                GROUP MENU\n              <\/a>\n           <\/div>\n                  <\/div>\n\n      <\/div>\n      <div class=\"col-md-6 content-column\">\n       \n        <div class=\"fields-subtitle\">\n          <h5 class=\"\"> SEASONAL FOOD FROM AROUND THE WORLD <\/h5>\n        <\/div>\n        <div class=\"fields-title \">\n          <h3> Classic haute cuisine <\/h3>\n        <\/div>\n        <div class=\"fields-image\">\n          <img decoding=\"async\" class=\"image-gauche\" src=\"https:\/\/lepatio-restaurant.ch\/app\/uploads\/2022\/11\/le-patio-cms-resto4.jpg\" alt=\"le-patio-cms-resto4-2\">\n        <\/div>\n      <\/div>\n\n\n\n\n    <\/div>\n  <\/div>\n<\/section>\n\n<section class=\"block-3-cols\"  id=\"\">\n    <div class=\"container-fluid\">\n        <div class=\"row\">\n            <div class=\"col-md-4 image-col col-left\" style=\" background-image: url('https:\/\/lepatio-restaurant.ch\/app\/uploads\/2023\/08\/1520-scaled.jpg');\">\n\n            <\/div>\n            <div class=\"col-md-4 center-col-txt\" style=\" background-image: url('https:\/\/lepatio-restaurant.ch\/app\/uploads\/2022\/11\/cigare.svg');\">\n                <div class=\"fields-subtitle\">\n                    <h5 class=\"\">  A discreet restaurant <\/h5>\n                    <\/div>    \n                <div class=\"fields-title\">\n                    <h3 class=\"\">  Le Patio Private <\/h3>\n                <\/div>\n                \n                <div class=\"fields-description\">\n                <p>Newly opened for the benefit of regulars, this intimate dining room, to which only Alexia has the key, promises exceptional dinners for lovers of fine dining and great vintages.<\/p>\n\n                <\/div>\n                <div class=\"button-container-wrapper\">\n                    <div class=\"button-container\">\n                    <a href=\"https:\/\/lepatio-restaurant.ch\/en\/booking\/\" class=\"fields-button\">\n                    R\u00c9SERVER\n                    <\/a>\n                    <\/div>\n                <\/div>\n\n            <\/div>\n            <div class=\"col-md-4 image-col col-right\" style=\" background-image: url('https:\/\/lepatio-restaurant.ch\/app\/uploads\/2022\/11\/le-patio-private-right1.jpg');\">\n            <\/div>\n\n        <\/div>\n    <\/div>\n<\/section>\n\n<section class=\"block-text-image block-wrapper  bg-left\" id=\"\" style=\"background-color:#ededed; background-image: url('https:\/\/lepatio-restaurant.ch\/app\/uploads\/2022\/11\/noeud_blanc.svg');\">\n  <div class=\"container \" >\n    <div class=\"row\">\n\n      <div class=\"col-md-6 content-column\">\n       \n        <div class=\"fields-subtitle\">\n          <h5 class=\"\"> EXCEPTIONAL SUPPORT AND SERVICE <\/h5>\n        <\/div>\n        <div class=\"fields-title \">\n          <h3> Corporate Events <\/h3>\n        <\/div>\n        <div class=\"fields-image\">\n          <img decoding=\"async\" class=\"image-gauche\" src=\"https:\/\/lepatio-restaurant.ch\/app\/uploads\/2022\/11\/patio-event-2.jpg\" alt=\"patio-event-2-2\">\n        <\/div>\n      <\/div>\n\n      <div class=\"col-md-6 image-column image-right\">\n        <img decoding=\"async\" class=\"image-haut\" src=\"https:\/\/lepatio-restaurant.ch\/app\/uploads\/2022\/11\/patio-event-1.jpg\" alt=\"patio-event-1-2\">\n        <div class=\"fields-description\">\n          <p>Seminars, parties at work, corporate functions, whatever event you want, Le Patio\u2019s team can travel throughout the canton of Geneva. From a set buffet, to a cocktail dinner or a formal meal, for 10 to 1,000 guests, we\u2019re able to meet all expectations from making contact, finding the venue, suggesting the menu, to carrying out the project.<\/p>\n\n        <\/div>\n\n\n        <div class=\"button-container-wrapper\">\n\n                      <div class=\"row button-container\">\n              <a href=\"https:\/\/lepatio-restaurant.ch\/en\/service-traiteur\/\" class=\"fields-button\">\n                MORE INFORMATION\n              <\/a>\n                            <a href=\"https:\/\/lepatio-restaurant.ch\/en\/service-traiteur\/#demande-de-devis\" class=\"fields-button fields-button2\">\n                REQUEST A QUOTE\n              <\/a>\n                          <\/div>\n                        \n                              \n                    \n                    <\/div>\n        <\/div>\n        \n      <\/div>\n\n    <\/div>\n  <\/div>\n<\/section>\n\n<section class=\"block-3-cols\"  id=\"savoir-faire\">\n    <div class=\"container-fluid\">\n        <div class=\"row\">\n            <div class=\"col-md-4 image-col col-left\" style=\" background-image: url('https:\/\/lepatio-restaurant.ch\/app\/uploads\/2022\/11\/le-patio-savoirfaire2.jpg');\">\n\n            <\/div>\n            <div class=\"col-md-4 center-col-txt\" style=\" background-image: url('');\">\n                <div class=\"fields-subtitle\">\n                    <h5 class=\"\">  Experience in customer service <\/h5>\n                    <\/div>    \n                <div class=\"fields-title\">\n                    <h3 class=\"\">  The expertise of food enthusiasts <\/h3>\n                <\/div>\n                \n                <div class=\"fields-description\">\n                <p>This is a famous restaurant among discerning palates, which would not be the case without Alexia Chenevard\u2019s attentive service. Alongside Martial Chauveli\u00e8re, she welcomes her guests with the utmost professionalism.<br \/>\nShe\u2019s attentive and uses all her experience to serve her loyal and demanding clientele.<br \/>\nExtra special attention is reserved for wine advice: whether you\u2019re looking for a wine from a popular Geneva winemaker, a hard-to-find Burgundy producer, or even an exclusive vintage of a Grand Cru Class\u00e9, she&#8217;ll always have the right bottle to make your meal memorable.<\/p>\n\n                <\/div>\n                <div class=\"button-container-wrapper\">\n                    <div class=\"button-container\">\n                    <a href=\"https:\/\/lepatio-restaurant.ch\/contact\/\" class=\"fields-button\">\n                    CONTACT\n                    <\/a>\n                    <\/div>\n                <\/div>\n\n            <\/div>\n            <div class=\"col-md-4 image-col col-right\" style=\" background-image: url('https:\/\/lepatio-restaurant.ch\/app\/uploads\/2022\/11\/lepatio-resto-alexia-chevenard.jpg');\">\n            <\/div>\n\n        <\/div>\n    <\/div>\n<\/section>\n\n  <section class=\"socials-container\" style=\"background-color:#bb884d;\">\n  <div class=\"container\">\n    <div class=\"row\">\n      <div class=\"col-md-6 fields-title social-box\">\n        <h3> Follow us <\/h3>\n     \n        <div class=\"fields-socials\">\n            <a href=\"https:\/\/www.instagram.com\/lepatio_rivegauche\/?hl=en\" target=\"_blank\"> <i class=\"fa-brands fa-instagram fa-2xl\"><\/i> <\/a>\n            <a href=\"https:\/\/www.facebook.com\/LePatioGeneve\/\" target=\"_blank\"> <i class=\"fa-brands fa-facebook fa-2xl\"><\/i> <\/a>\n            <a href=\"https:\/\/www.linkedin.com\/company\/le-patio---rive-gauche\/about\/\" target=\"_blank\"> <i class=\"fa-brands fa-linkedin fa-2xl\"><\/i> <\/a>\n          <\/div>\n      <\/div>\n      <div class=\"col-md-6 iframe\">\n                <h3> Newsletter Subscribe<\/h3>\n            <div class=\"nl-form\">\n                    <iframe data-w-type=\"embedded\" frameborder=\"0\" scrolling=\"no\" marginheight=\"0\" marginwidth=\"0\" src=\"https:\/\/s3j1l.mjt.lu\/wgt\/s3j1l\/x4xq\/form?c=84922867\" width=\"100%\" style=\"height: 0;\"><\/iframe>\n                  <\/div>\n     <script type=\"text\/javascript\" src=\"https:\/\/app.mailjet.com\/pas-nc-embedded-v1.js\"><\/script>\n    \n\n      \n      <\/div>\n          <\/div>\n  <\/div>\n<\/section>\n\n  <div class=\"container block-title\" id=\"\">\n  <div class=\"row\">\n    <div class=\"col-md-12 row-title\">\n      <h2 class=\"fields-title\">Le Patio\u2019s Calendar<\/h2>\n      <p class=\"fields-subtitle\"> See the calendar of events organised by Le Patio\u2019s team. <\/p>\n    <\/div>\n  <\/div>\n\n  \n<\/div>\n\n<div class=\"container all-posts-container\">\n  <div class=\"row\">\n              <\/div>\n<\/div>\n\n\n<!-- Zenchef Widget SDK -->\n<script>;(function (d, s, id) {const el = d.getElementsByTagName(s)[0]; if (d.getElementById(id) || el.parentNode == null) {return;} var js = d.createElement(s);  js.id = id; js.async = true; js.src = 'https:\/\/sdk.zenchef.com\/v1\/sdk.min.js';  el.parentNode.insertBefore(js, el); })(document, 'script', 'zenchef-sdk')<\/script>\n<div\n   class=\"zc-widget-config\"\n   data-restaurant=\"367767\"\n   data-lang=\"en\"\n   data-open=\"2000\"><\/div>\n","protected":false},"excerpt":{"rendered":"","protected":false},"author":6,"featured_media":0,"parent":0,"menu_order":0,"comment_status":"closed","ping_status":"closed","template":"","meta":{"inline_featured_image":false,"footnotes":""},"acf":[],"yoast_head":"<!-- This site is optimized with the Yoast SEO plugin v19.8 - https:\/\/yoast.com\/wordpress\/plugins\/seo\/ -->\n<title>Home page - Le Patio<\/title>\n<meta name=\"description\" content=\"Au coeur du Quartier des Banques, la table de Monsieur Bouillon se veut chic et populaire. Comme les c\u00e9l\u00e8bres bouillons parisiens, ici la qualit\u00e9 des mets est au rendez-vous, le service est rapide et les prix sont bon march\u00e9.\" \/>\n<meta name=\"robots\" content=\"index, follow, max-snippet:-1, max-image-preview:large, max-video-preview:-1\" \/>\n<link rel=\"canonical\" href=\"https:\/\/lepatio-restaurant.ch\/en\/\" \/>\n<meta property=\"og:locale\" content=\"en_US\" \/>\n<meta property=\"og:type\" content=\"article\" \/>\n<meta property=\"og:title\" content=\"Home page - Le Patio\" \/>\n<meta property=\"og:description\" content=\"Au coeur du Quartier des Banques, la table de Monsieur Bouillon se veut chic et populaire. Comme les c\u00e9l\u00e8bres bouillons parisiens, ici la qualit\u00e9 des mets est au rendez-vous, le service est rapide et les prix sont bon march\u00e9.\" \/>\n<meta property=\"og:url\" content=\"https:\/\/lepatio-restaurant.ch\/en\/\" \/>\n<meta property=\"og:site_name\" content=\"Le Patio\" \/>\n<meta property=\"article:modified_time\" content=\"2024-09-09T08:13:17+00:00\" \/>\n<meta name=\"twitter:card\" content=\"summary_large_image\" \/>\n<script type=\"application\/ld+json\" class=\"yoast-schema-graph\">{\"@context\":\"https:\/\/schema.org\",\"@graph\":[{\"@type\":\"WebPage\",\"@id\":\"https:\/\/lepatio-restaurant.ch\/en\/\",\"url\":\"https:\/\/lepatio-restaurant.ch\/en\/\",\"name\":\"Home page - Le Patio\",\"isPartOf\":{\"@id\":\"https:\/\/lepatio-restaurant.ch\/en\/#website\"},\"datePublished\":\"2022-09-02T08:09:05+00:00\",\"dateModified\":\"2024-09-09T08:13:17+00:00\",\"description\":\"Au coeur du Quartier des Banques, la table de Monsieur Bouillon se veut chic et populaire. Comme les c\u00e9l\u00e8bres bouillons parisiens, ici la qualit\u00e9 des mets est au rendez-vous, le service est rapide et les prix sont bon march\u00e9.\",\"breadcrumb\":{\"@id\":\"https:\/\/lepatio-restaurant.ch\/en\/#breadcrumb\"},\"inLanguage\":\"en-US\",\"potentialAction\":[{\"@type\":\"ReadAction\",\"target\":[\"https:\/\/lepatio-restaurant.ch\/en\/\"]}]},{\"@type\":\"BreadcrumbList\",\"@id\":\"https:\/\/lepatio-restaurant.ch\/en\/#breadcrumb\",\"itemListElement\":[{\"@type\":\"ListItem\",\"position\":1,\"name\":\"Home\",\"item\":\"https:\/\/lepatio-restaurant.ch\/en\/\"},{\"@type\":\"ListItem\",\"position\":2,\"name\":\"Home page\"}]},{\"@type\":\"WebSite\",\"@id\":\"https:\/\/lepatio-restaurant.ch\/en\/#website\",\"url\":\"https:\/\/lepatio-restaurant.ch\/en\/\",\"name\":\"Le Patio\",\"description\":\"Creator of your special moments\",\"publisher\":{\"@id\":\"https:\/\/lepatio-restaurant.ch\/en\/#organization\"},\"potentialAction\":[{\"@type\":\"SearchAction\",\"target\":{\"@type\":\"EntryPoint\",\"urlTemplate\":\"https:\/\/lepatio-restaurant.ch\/en\/?s={search_term_string}\"},\"query-input\":\"required name=search_term_string\"}],\"inLanguage\":\"en-US\"},{\"@type\":\"Organization\",\"@id\":\"https:\/\/lepatio-restaurant.ch\/en\/#organization\",\"name\":\"Le Patio\",\"url\":\"https:\/\/lepatio-restaurant.ch\/en\/\",\"sameAs\":[],\"logo\":{\"@type\":\"ImageObject\",\"inLanguage\":\"en-US\",\"@id\":\"https:\/\/lepatio-restaurant.ch\/en\/#\/schema\/logo\/image\/\",\"url\":\"https:\/\/lepatio-restaurant.ch\/app\/uploads\/2024\/05\/logo-lePatio2024.jpg\",\"contentUrl\":\"https:\/\/lepatio-restaurant.ch\/app\/uploads\/2024\/05\/logo-lePatio2024.jpg\",\"width\":400,\"height\":400,\"caption\":\"Le Patio\"},\"image\":{\"@id\":\"https:\/\/lepatio-restaurant.ch\/en\/#\/schema\/logo\/image\/\"}}]}<\/script>\n<!-- \/ Yoast SEO plugin. -->","yoast_head_json":{"title":"Home page - Le Patio","description":"Au coeur du Quartier des Banques, la table de Monsieur Bouillon se veut chic et populaire. Comme les c\u00e9l\u00e8bres bouillons parisiens, ici la qualit\u00e9 des mets est au rendez-vous, le service est rapide et les prix sont bon march\u00e9.","robots":{"index":"index","follow":"follow","max-snippet":"max-snippet:-1","max-image-preview":"max-image-preview:large","max-video-preview":"max-video-preview:-1"},"canonical":"https:\/\/lepatio-restaurant.ch\/en\/","og_locale":"en_US","og_type":"article","og_title":"Home page - Le Patio","og_description":"Au coeur du Quartier des Banques, la table de Monsieur Bouillon se veut chic et populaire. Comme les c\u00e9l\u00e8bres bouillons parisiens, ici la qualit\u00e9 des mets est au rendez-vous, le service est rapide et les prix sont bon march\u00e9.","og_url":"https:\/\/lepatio-restaurant.ch\/en\/","og_site_name":"Le Patio","article_modified_time":"2024-09-09T08:13:17+00:00","twitter_card":"summary_large_image","schema":{"@context":"https:\/\/schema.org","@graph":[{"@type":"WebPage","@id":"https:\/\/lepatio-restaurant.ch\/en\/","url":"https:\/\/lepatio-restaurant.ch\/en\/","name":"Home page - Le Patio","isPartOf":{"@id":"https:\/\/lepatio-restaurant.ch\/en\/#website"},"datePublished":"2022-09-02T08:09:05+00:00","dateModified":"2024-09-09T08:13:17+00:00","description":"Au coeur du Quartier des Banques, la table de Monsieur Bouillon se veut chic et populaire. Comme les c\u00e9l\u00e8bres bouillons parisiens, ici la qualit\u00e9 des mets est au rendez-vous, le service est rapide et les prix sont bon march\u00e9.","breadcrumb":{"@id":"https:\/\/lepatio-restaurant.ch\/en\/#breadcrumb"},"inLanguage":"en-US","potentialAction":[{"@type":"ReadAction","target":["https:\/\/lepatio-restaurant.ch\/en\/"]}]},{"@type":"BreadcrumbList","@id":"https:\/\/lepatio-restaurant.ch\/en\/#breadcrumb","itemListElement":[{"@type":"ListItem","position":1,"name":"Home","item":"https:\/\/lepatio-restaurant.ch\/en\/"},{"@type":"ListItem","position":2,"name":"Home page"}]},{"@type":"WebSite","@id":"https:\/\/lepatio-restaurant.ch\/en\/#website","url":"https:\/\/lepatio-restaurant.ch\/en\/","name":"Le Patio","description":"Creator of your special moments","publisher":{"@id":"https:\/\/lepatio-restaurant.ch\/en\/#organization"},"potentialAction":[{"@type":"SearchAction","target":{"@type":"EntryPoint","urlTemplate":"https:\/\/lepatio-restaurant.ch\/en\/?s={search_term_string}"},"query-input":"required name=search_term_string"}],"inLanguage":"en-US"},{"@type":"Organization","@id":"https:\/\/lepatio-restaurant.ch\/en\/#organization","name":"Le Patio","url":"https:\/\/lepatio-restaurant.ch\/en\/","sameAs":[],"logo":{"@type":"ImageObject","inLanguage":"en-US","@id":"https:\/\/lepatio-restaurant.ch\/en\/#\/schema\/logo\/image\/","url":"https:\/\/lepatio-restaurant.ch\/app\/uploads\/2024\/05\/logo-lePatio2024.jpg","contentUrl":"https:\/\/lepatio-restaurant.ch\/app\/uploads\/2024\/05\/logo-lePatio2024.jpg","width":400,"height":400,"caption":"Le Patio"},"image":{"@id":"https:\/\/lepatio-restaurant.ch\/en\/#\/schema\/logo\/image\/"}}]}},"_links":{"self":[{"href":"https:\/\/lepatio-restaurant.ch\/en\/wp-json\/wp\/v2\/pages\/2505"}],"collection":[{"href":"https:\/\/lepatio-restaurant.ch\/en\/wp-json\/wp\/v2\/pages"}],"about":[{"href":"https:\/\/lepatio-restaurant.ch\/en\/wp-json\/wp\/v2\/types\/page"}],"author":[{"embeddable":true,"href":"https:\/\/lepatio-restaurant.ch\/en\/wp-json\/wp\/v2\/users\/6"}],"replies":[{"embeddable":true,"href":"https:\/\/lepatio-restaurant.ch\/en\/wp-json\/wp\/v2\/comments?post=2505"}],"version-history":[{"count":22,"href":"https:\/\/lepatio-restaurant.ch\/en\/wp-json\/wp\/v2\/pages\/2505\/revisions"}],"predecessor-version":[{"id":3268,"href":"https:\/\/lepatio-restaurant.ch\/en\/wp-json\/wp\/v2\/pages\/2505\/revisions\/3268"}],"wp:attachment":[{"href":"https:\/\/lepatio-restaurant.ch\/en\/wp-json\/wp\/v2\/media?parent=2505"}],"curies":[{"name":"wp","href":"https:\/\/api.w.org\/{rel}","templated":true}]}}