





{"id":1538,"date":"2022-11-08T17:55:32","date_gmt":"2022-11-08T16:55:32","guid":{"rendered":"https:\/\/lepatio-restaurant.ch\/?page_id=1538"},"modified":"2025-09-03T13:47:49","modified_gmt":"2025-09-03T11:47:49","slug":"service-traiteur","status":"publish","type":"page","link":"https:\/\/lepatio-restaurant.ch\/fr\/service-traiteur\/","title":{"rendered":"Service Traiteur"},"content":{"rendered":"<div class=\" container-fluid hero-page\" style=\"background-image:linear-gradient(0deg, transparent  -5%, rgba(0, 0, 0, 0.55) 120%), url('https:\/\/lepatio-restaurant.ch\/app\/uploads\/2022\/11\/lepatio-service-traiteur.jpg');\" id=\"hero_block\">\n    <a href=\"https:\/\/lepatio-restaurant.ch\/fr\/\" class=\"hero-logo-link\" > \n      <span class=\"hero-logo\" style=\"background-image: url('https:\/\/lepatio-restaurant.ch\/app\/themes\/sowh4t-wp-starter\/assets\/img\/le_patio_logo_blanc.svg');\"><\/span>\n        <\/a>\n\n\n      <h1 class=\"hero-title\"> Service Traiteur <\/h1>\n  \n    \n\n      <div class=\"row discover-row\">\n      <div class=\"col-md-12\">\n      <a href=\"#bouillon-content\" class=\"skip\">\n                D\u00e9couvrir\n                <i class=\"fa-solid fa-chevron-down\"><\/i>\n      <\/a>\n      <\/div>\n    <\/div>\n   \n\n<\/div>\n<div id=\"bouillon-content\"><\/div>\n\n<section class=\"block-text-image block-wrapper  bg-left\" id=\"\" style=\"background-color:#ffffff; background-image: url('');\">\n  <div class=\"container \" >\n    <div class=\"row\">\n\n      <div class=\"col-md-6 content-column\">\n       \n        <div class=\"fields-subtitle\">\n          <h5 class=\" events-color \"> ACCOMPAGNEMENT ET SERVICE D&#8217;EXCEPTION <\/h5>\n        <\/div>\n        <div class=\"fields-title  events-color \">\n          <h3> Les \u00e9v\u00e9nements professionnels <\/h3>\n        <\/div>\n        <div class=\"fields-image\">\n          <img decoding=\"async\" class=\"image-gauche\" src=\"https:\/\/lepatio-restaurant.ch\/app\/uploads\/2022\/11\/IMG_3453.jpg\" alt=\"img_3453\">\n        <\/div>\n      <\/div>\n\n      <div class=\"col-md-6 image-column image-right\">\n        <img decoding=\"async\" class=\"image-haut\" src=\"https:\/\/lepatio-restaurant.ch\/app\/uploads\/2022\/11\/Domaine-du-grand-Malagny-1.09.2022-web-175-.jpg\" alt=\"domaine-du-grand-malagny-1-09-2022-web-175\">\n        <div class=\"fields-description\">\n          <p>S\u00e9minaire, bouquet de chantier, f\u00eate d&#8217;entreprise, quel que soit l&#8217;\u00e9v\u00e9nement d\u00e9sir\u00e9, l&#8217;\u00e9quipe du Patio se d\u00e9place dans tout le canton de Gen\u00e8ve. De la formule buffet au cocktail d\u00eenatoire ou repas assis, de 10 \u00e0 1000 convives, l&#8217;\u00e9tablissement sait r\u00e9pondre \u00e0 toutes les attentes depuis la prise de contact, la recherche du lieu, la proposition du menu, jusqu&#8217;\u00e0 la r\u00e9alisation du projet.<\/p>\n\n        <\/div>\n\n\n        <div class=\"button-container-wrapper\">\n\n                      <div class=\"row button-container\">\n              <a href=\"#demande-de-devis\" class=\"fields-button\">\n                DEMANDER UN DEVIS\n              <\/a>\n                            <a href=\"https:\/\/lepatio-restaurant.ch\/app\/uploads\/2025\/09\/Brochure-traiteur-V3-1.pdf\" class=\"fields-button fields-button2\">\n                BROCHURE TRAITEUR\n              <\/a>\n                          <\/div>\n                        \n                              \n                    \n                    <\/div>\n        <\/div>\n        \n      <\/div>\n\n    <\/div>\n  <\/div>\n<\/section>\n\n<section class=\"block-image-text block-wrapper bg-right\" style=\"background-color:#f7f7f7; background-image: url('');\" id=\"\">\n<div class=\"container \" >\n    <div class=\"row\">\n            <div class=\"col-md-6 image-column image-left\">\n        <img decoding=\"async\" class=\"image-haut\" src=\"https:\/\/lepatio-restaurant.ch\/app\/uploads\/2022\/11\/evenement.jpg\" alt=\"evenement\">\n        <div class=\"fields-description\">\n          <p>Ev\u00e9nements inoubliables o\u00f9 magie et exception doivent \u00eatre au rendez-vous. Alexia Chenevard, l&#8217;interlocutrice privil\u00e9gi\u00e9e guide les futurs mari\u00e9s du premier rendez-vous jusqu&#8217;au jour J. Musiciens, DJ, fleuristes et autres partenaires de confiance, lieux uniques, art de la table en symbiose avec une cuisine de haut niveau, tout est mis en oeuvre pour une journ\u00e9e parfaite.<\/p>\n\n        <\/div>\n        <div class=\"button-container-wrapper\">\n\n                      <div class=\"row button-container\">\n              <a href=\"#demande-de-devis\" class=\"fields-button\">\n                PRENDRE RENDEZ-VOUS\n              <\/a>\n                            <a href=\"https:\/\/lepatio-restaurant.ch\/app\/uploads\/2025\/09\/Brochure-traiteur-V3-1.pdf\" class=\"fields-button fields-button2\">\n                BROCHURE TRAITEUR\n              <\/a> \n                          <\/div>\n                        \n                              \n                  <\/div>\n\n      <\/div>\n      <div class=\"col-md-6 content-column\">\n       \n        <div class=\"fields-subtitle\">\n          <h5 class=\" events-color \"> DES MOMENTS MAGIQUES ORCHESTR\u00c9S AVEC SAVOIR-FAIRE <\/h5>\n        <\/div>\n        <div class=\"fields-title  events-color \">\n          <h3> Les mariages <\/h3>\n        <\/div>\n        <div class=\"fields-image\">\n          <img decoding=\"async\" class=\"image-gauche\" src=\"https:\/\/lepatio-restaurant.ch\/app\/uploads\/2022\/11\/lepatio-service-traiteur-04.jpg\" alt=\"lepatio-service-traiteur-04\">\n        <\/div>\n      <\/div>\n\n\n\n\n    <\/div>\n  <\/div>\n<\/section>\n\n<section class=\"block-3-cols\"  id=\"\">\n    <div class=\"container-fluid\">\n        <div class=\"row\">\n            <div class=\"col-md-4 image-col col-left\" style=\" background-image: url('https:\/\/lepatio-restaurant.ch\/app\/uploads\/2022\/11\/lepatio-service-traiteur-05.jpg');\">\n\n            <\/div>\n            <div class=\"col-md-4 center-col-txt\" style=\" background-image: url('');\">\n                <div class=\"fields-subtitle\">\n                    <h5 class=\" events-color \">  La gastronomie \u00e0 domicile <\/h5>\n                    <\/div>    \n                <div class=\"fields-title\">\n                    <h3 class=\" events-color \">  Les \u00e9v\u00e9nements priv\u00e9s <\/h3>\n                <\/div>\n                \n                <div class=\"fields-description\">\n                <p>Le temps d&#8217;un d\u00e9jeuner ou d&#8217;un d\u00eener, les chefs du Patio s&#8217;invitent \u00e0 la maison pour faciliter la vie en toute discr\u00e9tion et offrir aux convives un repas gastronomique selon les d\u00e9sirs formul\u00e9s. A l&#8217;\u00e9coute des h\u00f4tes, l&#8217;\u00e9quipe du restaurant imagine un moment unique, de la cr\u00e9ation du menu en passant par la vaisselle et la d\u00e9coration de la table, jusqu&#8217;au service professionnel et de confiance. Le Patio s&#8217;occupe de tout, les h\u00f4tes ne se pr\u00e9occupent de rien !<\/p>\n\n                <\/div>\n                <div class=\"button-container-wrapper\">\n                    <div class=\"button-container\">\n                    <a href=\"#\" class=\"fields-button\">\n                    FORMULER UNE DEMANDE\n                    <\/a>\n                    <\/div>\n                <\/div>\n\n            <\/div>\n            <div class=\"col-md-4 image-col col-right\" style=\" background-image: url('https:\/\/lepatio-restaurant.ch\/app\/uploads\/2022\/11\/lepatio-service-traiteur-06.jpg');\">\n            <\/div>\n\n        <\/div>\n    <\/div>\n<\/section>\n\n  <div class=\"container block-title\" id=\"demande-de-devis\">\n  <div class=\"row\">\n    <div class=\"col-md-12 row-title\">\n      <h2 class=\"fields-title\">Demande de devis<\/h2>\n      <p class=\"fields-subtitle\"> Contactez nous pour la r\u00e9alisation de votre projet! <\/p>\n    <\/div>\n  <\/div>\n\n  \n<\/div>\n\n\n<div class=\"wp-block-contact-form-7-contact-form-selector\"><div role=\"form\" class=\"wpcf7\" id=\"wpcf7-f989-o1\" lang=\"fr-FR\" dir=\"ltr\">\n<div class=\"screen-reader-response\"><p role=\"status\" aria-live=\"polite\" aria-atomic=\"true\"><\/p> <ul><\/ul><\/div>\n<form action=\"\/fr\/wp-json\/wp\/v2\/pages\/1538#wpcf7-f989-o1\" method=\"post\" class=\"wpcf7-form init\" novalidate=\"novalidate\" data-status=\"init\">\n<div style=\"display: none;\">\n<input type=\"hidden\" name=\"_wpcf7\" value=\"989\" \/>\n<input type=\"hidden\" name=\"_wpcf7_version\" value=\"5.6.3\" \/>\n<input type=\"hidden\" name=\"_wpcf7_locale\" value=\"fr_FR\" \/>\n<input type=\"hidden\" name=\"_wpcf7_unit_tag\" value=\"wpcf7-f989-o1\" \/>\n<input type=\"hidden\" name=\"_wpcf7_container_post\" value=\"0\" \/>\n<input type=\"hidden\" name=\"_wpcf7_posted_data_hash\" value=\"\" \/>\n<\/div>\n<div class=\"container form-container\" id=\"lepatio-booking\">\n<div class=\"row\">\n<div class=\"col-md-12\">\n<div class=\"fields-title\">\n<h4 style=\"text-align: center; color: #212121;opacity: 0.8;\"> Formulaire de r\u00e9servation <\/h4>\n<\/div>\n<\/div>\n<\/div>\n<div class=\"row\">\n<div class=\"col-md-4 name-col\">\n  <label> Nom<span class=\"required\">*<\/span><br \/>\n    <span class=\"wpcf7-form-control-wrap\" data-name=\"your-name\"><input type=\"text\" name=\"your-name\" value=\"\" size=\"40\" class=\"wpcf7-form-control wpcf7-text wpcf7-validates-as-required\" aria-required=\"true\" aria-invalid=\"false\" \/><\/span> <\/label>\n<\/div>\n<div class=\"col-md-4 firstname-col\">\n  <label> Pr\u00e9nom<span class=\"required\">*<\/span><br \/>\n    <span class=\"wpcf7-form-control-wrap\" data-name=\"your-firstname\"><input type=\"text\" name=\"your-firstname\" value=\"\" size=\"40\" class=\"wpcf7-form-control wpcf7-text wpcf7-validates-as-required\" aria-required=\"true\" aria-invalid=\"false\" \/><\/span> <\/label>\n<\/div>\n<div class=\"col-md-4 email-col\">\n  <label> E-mail<span class=\"required\">*<\/span><br \/>\n    <span class=\"wpcf7-form-control-wrap\" data-name=\"your-email\"><input type=\"email\" name=\"your-email\" value=\"\" size=\"40\" class=\"wpcf7-form-control wpcf7-text wpcf7-email wpcf7-validates-as-required wpcf7-validates-as-email\" aria-required=\"true\" aria-invalid=\"false\" \/><\/span> <\/label><br \/>\n<span id=\"wpcf7-69f496606818f-wrapper\" class=\"wpcf7-form-control-wrap youremail-441-wrap\" style=\"display:none !important; visibility:hidden !important;\"><label for=\"wpcf7-69f496606818f-field\" class=\"hp-message\">Please leave this field empty.<\/label><input id=\"wpcf7-69f496606818f-field\"  class=\"wpcf7-form-control wpcf7-text\" type=\"text\" name=\"youremail-441\" value=\"\" size=\"40\" tabindex=\"-1\" autocomplete=\"new-password\" \/><\/span>\n<\/div>\n<div class=\"col-md-4 phone-col\">\n  <label> T\u00e9l\u00e9phone<span class=\"required\">*<\/span><br \/>\n    <span class=\"wpcf7-form-control-wrap\" data-name=\"your-phone\"><input type=\"tel\" name=\"your-phone\" value=\"\" size=\"40\" class=\"wpcf7-form-control wpcf7-text wpcf7-tel wpcf7-validates-as-required wpcf7-validates-as-tel\" aria-required=\"true\" aria-invalid=\"false\" \/><\/span> <\/label>\n<\/div>\n<div class=\"col-md-4 subject-col\">\n  <label> Objet<span class=\"required\">*<\/span><br \/>\n    <span class=\"wpcf7-form-control-wrap\" data-name=\"your-subject\"><input type=\"text\" name=\"your-subject\" value=\"\" size=\"40\" class=\"wpcf7-form-control wpcf7-text wpcf7-validates-as-required\" aria-required=\"true\" aria-invalid=\"false\" \/><\/span> <\/label>\n<\/div>\n<div class=\"col-md-4 destination-col\">\n  <label> \u00c0 destination<span class=\"required\">*<\/span><br \/>\n     <span class=\"wpcf7-form-control-wrap\" data-name=\"email-recipient\"><select name=\"email-recipient\" class=\"wpcf7-form-control wpcf7-select wpcf7-validates-as-required\" aria-required=\"true\" aria-invalid=\"false\"><option value=\"\u00c9v\u00e9nements\">\u00c9v\u00e9nements<\/option><option value=\"Le Patio Private\">Le Patio Private<\/option><option value=\"Le Patio Restaurant\">Le Patio Restaurant<\/option><\/select><\/span><br \/>\n<\/label>\n<\/div>\n<div class=\"col-md-12 message-col\">\n  <label> Message<span class=\"required\">*<\/span><br \/>\n    <span class=\"wpcf7-form-control-wrap\" data-name=\"your-message\"><textarea name=\"your-message\" cols=\"40\" rows=\"10\" class=\"wpcf7-form-control wpcf7-textarea wpcf7-validates-as-required\" aria-required=\"true\" aria-invalid=\"false\"><\/textarea><\/span> <\/label>\n<\/div>\n<p><span id=\"wpcf7-69f49660682cc-wrapper\" class=\"wpcf7-form-control-wrap honeypot-975-wrap\" style=\"display:none !important; visibility:hidden !important;\"><label for=\"wpcf7-69f49660682cc-field\" class=\"hp-message\">Please leave this field empty.<\/label><input id=\"wpcf7-69f49660682cc-field\"  class=\"wpcf7-form-control wpcf7-text\" type=\"text\" name=\"honeypot-975\" value=\"\" size=\"40\" tabindex=\"-1\" autocomplete=\"new-password\" \/><\/span><\/p>\n<div class=\"col-md-12 button-col\">\n   <input type=\"submit\" value=\"ENVOYER\" class=\"wpcf7-form-control has-spinner wpcf7-submit fields-button\" \/>\n<\/div>\n<\/div>\n<\/div>\n<div class=\"wpcf7-response-output\" aria-hidden=\"true\"><\/div><\/form><\/div><\/div>\n\n\n\n<section class=\"section-partners\" style=\"background-color: rgb(247,247,247);\">\n    <div class=\"container \">\n                <div class=\"row partners-list\">\n            <h5 class=\"title\">Ils nous ont fait confiance<\/h5>\n        <\/div>\n         \n        <div class=\"row partners-list\">\n                        <div class=\"col-md-2\">\n                <a   target=\"_blank\" alt=\"\" class=\"partner\">\n                    <img decoding=\"async\" class=\"partner-img\" src=\"https:\/\/lepatio-restaurant.ch\/app\/uploads\/2022\/11\/client-patio-MAZARS.png\" \/>   \n                <\/a>\n            <\/div>\n                        <div class=\"col-md-2\">\n                <a   target=\"_blank\" alt=\"\" class=\"partner\">\n                    <img decoding=\"async\" class=\"partner-img\" src=\"https:\/\/lepatio-restaurant.ch\/app\/uploads\/2022\/11\/client-patio-VACHERON-CONSTANTIN.png\" \/>   \n                <\/a>\n            <\/div>\n                        <div class=\"col-md-2\">\n                <a   target=\"_blank\" alt=\"\" class=\"partner\">\n                    <img decoding=\"async\" class=\"partner-img\" src=\"https:\/\/lepatio-restaurant.ch\/app\/uploads\/2022\/11\/client-patio-jeager-lecoutre.png\" \/>   \n                <\/a>\n            <\/div>\n                        <div class=\"col-md-2\">\n                <a   target=\"_blank\" alt=\"\" class=\"partner\">\n                    <img decoding=\"async\" class=\"partner-img\" src=\"https:\/\/lepatio-restaurant.ch\/app\/uploads\/2022\/11\/client-patio-INDOSUEZ.png\" \/>   \n                <\/a>\n            <\/div>\n                        <div class=\"col-md-2\">\n                <a   target=\"_blank\" alt=\"\" class=\"partner\">\n                    <img decoding=\"async\" class=\"partner-img\" src=\"https:\/\/lepatio-restaurant.ch\/app\/uploads\/2022\/11\/client-patio-GPHG.png\" \/>   \n                <\/a>\n            <\/div>\n                        <div class=\"col-md-2\">\n                <a   target=\"_blank\" alt=\"\" class=\"partner\">\n                    <img decoding=\"async\" class=\"partner-img\" src=\"https:\/\/lepatio-restaurant.ch\/app\/uploads\/2022\/11\/client-patio-GEROFINANCE.png\" \/>   \n                <\/a>\n            <\/div>\n                        <div class=\"col-md-2\">\n                <a   target=\"_blank\" alt=\"\" class=\"partner\">\n                    <img decoding=\"async\" class=\"partner-img\" src=\"https:\/\/lepatio-restaurant.ch\/app\/uploads\/2022\/11\/client-patio-FORBES.png\" \/>   \n                <\/a>\n            <\/div>\n                        <div class=\"col-md-2\">\n                <a   target=\"_blank\" alt=\"\" class=\"partner\">\n                    <img decoding=\"async\" class=\"partner-img\" src=\"https:\/\/lepatio-restaurant.ch\/app\/uploads\/2022\/11\/client-patio-CONSTANTIN-SA.png\" \/>   \n                <\/a>\n            <\/div>\n                        <div class=\"col-md-2\">\n                <a   target=\"_blank\" alt=\"\" class=\"partner\">\n                    <img decoding=\"async\" class=\"partner-img\" src=\"https:\/\/lepatio-restaurant.ch\/app\/uploads\/2022\/11\/client-patio-COMPTOIR-IMMOBILIER.png\" \/>   \n                <\/a>\n            <\/div>\n                        <div class=\"col-md-2\">\n                <a   target=\"_blank\" alt=\"\" class=\"partner\">\n                    <img decoding=\"async\" class=\"partner-img\" src=\"https:\/\/lepatio-restaurant.ch\/app\/uploads\/2022\/11\/client-patio-BCGE.png\" \/>   \n                <\/a>\n            <\/div>\n                        <div class=\"col-md-2\">\n                <a   target=\"_blank\" alt=\"\" class=\"partner\">\n                    <img decoding=\"async\" class=\"partner-img\" src=\"https:\/\/lepatio-restaurant.ch\/app\/uploads\/2022\/11\/client-patio-Barnes.png\" \/>   \n                <\/a>\n            <\/div>\n            \n        <\/div>\n    <\/div>\n<\/section>","protected":false},"excerpt":{"rendered":"","protected":false},"author":2,"featured_media":0,"parent":0,"menu_order":0,"comment_status":"closed","ping_status":"closed","template":"","meta":{"inline_featured_image":false,"footnotes":""},"acf":[],"yoast_head":"<!-- This site is optimized with the Yoast SEO plugin v19.8 - https:\/\/yoast.com\/wordpress\/plugins\/seo\/ -->\n<title>Service Traiteur - Le Patio<\/title>\n<meta name=\"description\" content=\"S\u00e9minaire, bouquet de chantier, f\u00eate d&#039;entreprise, quel que soit l&#039;\u00e9v\u00e9nement d\u00e9sir\u00e9, l&#039;\u00e9quipe du Patio se d\u00e9place dans tout le canton de Gen\u00e8ve.\" \/>\n<meta name=\"robots\" content=\"index, follow, max-snippet:-1, max-image-preview:large, max-video-preview:-1\" \/>\n<link rel=\"canonical\" href=\"https:\/\/lepatio-restaurant.ch\/fr\/service-traiteur\/\" \/>\n<meta property=\"og:locale\" content=\"fr_FR\" \/>\n<meta property=\"og:type\" content=\"article\" \/>\n<meta property=\"og:title\" content=\"Service Traiteur - Le Patio\" \/>\n<meta property=\"og:description\" content=\"S\u00e9minaire, bouquet de chantier, f\u00eate d&#039;entreprise, quel que soit l&#039;\u00e9v\u00e9nement d\u00e9sir\u00e9, l&#039;\u00e9quipe du Patio se d\u00e9place dans tout le canton de Gen\u00e8ve.\" \/>\n<meta property=\"og:url\" content=\"https:\/\/lepatio-restaurant.ch\/fr\/service-traiteur\/\" \/>\n<meta property=\"og:site_name\" content=\"Le Patio\" \/>\n<meta property=\"article:modified_time\" content=\"2025-09-03T11:47:49+00:00\" \/>\n<meta name=\"twitter:card\" content=\"summary_large_image\" \/>\n<meta name=\"twitter:label1\" content=\"Est. reading time\" \/>\n\t<meta name=\"twitter:data1\" content=\"1 minute\" \/>\n<script type=\"application\/ld+json\" class=\"yoast-schema-graph\">{\"@context\":\"https:\/\/schema.org\",\"@graph\":[{\"@type\":\"WebPage\",\"@id\":\"https:\/\/lepatio-restaurant.ch\/fr\/service-traiteur\/\",\"url\":\"https:\/\/lepatio-restaurant.ch\/fr\/service-traiteur\/\",\"name\":\"Service Traiteur - Le Patio\",\"isPartOf\":{\"@id\":\"https:\/\/lepatio-restaurant.ch\/fr\/#website\"},\"datePublished\":\"2022-11-08T16:55:32+00:00\",\"dateModified\":\"2025-09-03T11:47:49+00:00\",\"description\":\"S\u00e9minaire, bouquet de chantier, f\u00eate d'entreprise, quel que soit l'\u00e9v\u00e9nement d\u00e9sir\u00e9, l'\u00e9quipe du Patio se d\u00e9place dans tout le canton de Gen\u00e8ve.\",\"breadcrumb\":{\"@id\":\"https:\/\/lepatio-restaurant.ch\/fr\/service-traiteur\/#breadcrumb\"},\"inLanguage\":\"fr-FR\",\"potentialAction\":[{\"@type\":\"ReadAction\",\"target\":[\"https:\/\/lepatio-restaurant.ch\/fr\/service-traiteur\/\"]}]},{\"@type\":\"BreadcrumbList\",\"@id\":\"https:\/\/lepatio-restaurant.ch\/fr\/service-traiteur\/#breadcrumb\",\"itemListElement\":[{\"@type\":\"ListItem\",\"position\":1,\"name\":\"Home\",\"item\":\"https:\/\/lepatio-restaurant.ch\/fr\/\"},{\"@type\":\"ListItem\",\"position\":2,\"name\":\"Service Traiteur\"}]},{\"@type\":\"WebSite\",\"@id\":\"https:\/\/lepatio-restaurant.ch\/fr\/#website\",\"url\":\"https:\/\/lepatio-restaurant.ch\/fr\/\",\"name\":\"Le Patio\",\"description\":\"Cr\u00e9ateur de vos moments d&#039;exception\",\"publisher\":{\"@id\":\"https:\/\/lepatio-restaurant.ch\/fr\/#organization\"},\"potentialAction\":[{\"@type\":\"SearchAction\",\"target\":{\"@type\":\"EntryPoint\",\"urlTemplate\":\"https:\/\/lepatio-restaurant.ch\/fr\/?s={search_term_string}\"},\"query-input\":\"required name=search_term_string\"}],\"inLanguage\":\"fr-FR\"},{\"@type\":\"Organization\",\"@id\":\"https:\/\/lepatio-restaurant.ch\/fr\/#organization\",\"name\":\"Le Patio\",\"url\":\"https:\/\/lepatio-restaurant.ch\/fr\/\",\"sameAs\":[],\"logo\":{\"@type\":\"ImageObject\",\"inLanguage\":\"fr-FR\",\"@id\":\"https:\/\/lepatio-restaurant.ch\/fr\/#\/schema\/logo\/image\/\",\"url\":\"https:\/\/lepatio-restaurant.ch\/app\/uploads\/2024\/05\/logo-lePatio2024.jpg\",\"contentUrl\":\"https:\/\/lepatio-restaurant.ch\/app\/uploads\/2024\/05\/logo-lePatio2024.jpg\",\"width\":400,\"height\":400,\"caption\":\"Le Patio\"},\"image\":{\"@id\":\"https:\/\/lepatio-restaurant.ch\/fr\/#\/schema\/logo\/image\/\"}}]}<\/script>\n<!-- \/ Yoast SEO plugin. -->","yoast_head_json":{"title":"Service Traiteur - Le Patio","description":"S\u00e9minaire, bouquet de chantier, f\u00eate d'entreprise, quel que soit l'\u00e9v\u00e9nement d\u00e9sir\u00e9, l'\u00e9quipe du Patio se d\u00e9place dans tout le canton de Gen\u00e8ve.","robots":{"index":"index","follow":"follow","max-snippet":"max-snippet:-1","max-image-preview":"max-image-preview:large","max-video-preview":"max-video-preview:-1"},"canonical":"https:\/\/lepatio-restaurant.ch\/fr\/service-traiteur\/","og_locale":"fr_FR","og_type":"article","og_title":"Service Traiteur - Le Patio","og_description":"S\u00e9minaire, bouquet de chantier, f\u00eate d'entreprise, quel que soit l'\u00e9v\u00e9nement d\u00e9sir\u00e9, l'\u00e9quipe du Patio se d\u00e9place dans tout le canton de Gen\u00e8ve.","og_url":"https:\/\/lepatio-restaurant.ch\/fr\/service-traiteur\/","og_site_name":"Le Patio","article_modified_time":"2025-09-03T11:47:49+00:00","twitter_card":"summary_large_image","twitter_misc":{"Est. reading time":"1 minute"},"schema":{"@context":"https:\/\/schema.org","@graph":[{"@type":"WebPage","@id":"https:\/\/lepatio-restaurant.ch\/fr\/service-traiteur\/","url":"https:\/\/lepatio-restaurant.ch\/fr\/service-traiteur\/","name":"Service Traiteur - Le Patio","isPartOf":{"@id":"https:\/\/lepatio-restaurant.ch\/fr\/#website"},"datePublished":"2022-11-08T16:55:32+00:00","dateModified":"2025-09-03T11:47:49+00:00","description":"S\u00e9minaire, bouquet de chantier, f\u00eate d'entreprise, quel que soit l'\u00e9v\u00e9nement d\u00e9sir\u00e9, l'\u00e9quipe du Patio se d\u00e9place dans tout le canton de Gen\u00e8ve.","breadcrumb":{"@id":"https:\/\/lepatio-restaurant.ch\/fr\/service-traiteur\/#breadcrumb"},"inLanguage":"fr-FR","potentialAction":[{"@type":"ReadAction","target":["https:\/\/lepatio-restaurant.ch\/fr\/service-traiteur\/"]}]},{"@type":"BreadcrumbList","@id":"https:\/\/lepatio-restaurant.ch\/fr\/service-traiteur\/#breadcrumb","itemListElement":[{"@type":"ListItem","position":1,"name":"Home","item":"https:\/\/lepatio-restaurant.ch\/fr\/"},{"@type":"ListItem","position":2,"name":"Service Traiteur"}]},{"@type":"WebSite","@id":"https:\/\/lepatio-restaurant.ch\/fr\/#website","url":"https:\/\/lepatio-restaurant.ch\/fr\/","name":"Le Patio","description":"Cr\u00e9ateur de vos moments d&#039;exception","publisher":{"@id":"https:\/\/lepatio-restaurant.ch\/fr\/#organization"},"potentialAction":[{"@type":"SearchAction","target":{"@type":"EntryPoint","urlTemplate":"https:\/\/lepatio-restaurant.ch\/fr\/?s={search_term_string}"},"query-input":"required name=search_term_string"}],"inLanguage":"fr-FR"},{"@type":"Organization","@id":"https:\/\/lepatio-restaurant.ch\/fr\/#organization","name":"Le Patio","url":"https:\/\/lepatio-restaurant.ch\/fr\/","sameAs":[],"logo":{"@type":"ImageObject","inLanguage":"fr-FR","@id":"https:\/\/lepatio-restaurant.ch\/fr\/#\/schema\/logo\/image\/","url":"https:\/\/lepatio-restaurant.ch\/app\/uploads\/2024\/05\/logo-lePatio2024.jpg","contentUrl":"https:\/\/lepatio-restaurant.ch\/app\/uploads\/2024\/05\/logo-lePatio2024.jpg","width":400,"height":400,"caption":"Le Patio"},"image":{"@id":"https:\/\/lepatio-restaurant.ch\/fr\/#\/schema\/logo\/image\/"}}]}},"_links":{"self":[{"href":"https:\/\/lepatio-restaurant.ch\/fr\/wp-json\/wp\/v2\/pages\/1538"}],"collection":[{"href":"https:\/\/lepatio-restaurant.ch\/fr\/wp-json\/wp\/v2\/pages"}],"about":[{"href":"https:\/\/lepatio-restaurant.ch\/fr\/wp-json\/wp\/v2\/types\/page"}],"author":[{"embeddable":true,"href":"https:\/\/lepatio-restaurant.ch\/fr\/wp-json\/wp\/v2\/users\/2"}],"replies":[{"embeddable":true,"href":"https:\/\/lepatio-restaurant.ch\/fr\/wp-json\/wp\/v2\/comments?post=1538"}],"version-history":[{"count":52,"href":"https:\/\/lepatio-restaurant.ch\/fr\/wp-json\/wp\/v2\/pages\/1538\/revisions"}],"predecessor-version":[{"id":4912,"href":"https:\/\/lepatio-restaurant.ch\/fr\/wp-json\/wp\/v2\/pages\/1538\/revisions\/4912"}],"wp:attachment":[{"href":"https:\/\/lepatio-restaurant.ch\/fr\/wp-json\/wp\/v2\/media?parent=1538"}],"curies":[{"name":"wp","href":"https:\/\/api.w.org\/{rel}","templated":true}]}}