





{"id":1579,"date":"2022-11-08T21:55:02","date_gmt":"2022-11-08T20:55:02","guid":{"rendered":"https:\/\/lepatio-restaurant.ch\/?page_id=1579"},"modified":"2026-03-27T19:11:58","modified_gmt":"2026-03-27T18:11:58","slug":"menus-de-la-semaine","status":"publish","type":"page","link":"https:\/\/lepatio-restaurant.ch\/fr\/restaurant\/menus-de-la-semaine\/","title":{"rendered":"Menus de la semaine"},"content":{"rendered":"<div class=\" container-fluid hero-page\" style=\"background-image:linear-gradient(0deg, transparent  -5%, rgba(0, 0, 0, 0.55) 120%), url('https:\/\/lepatio-restaurant.ch\/app\/uploads\/2022\/11\/lepatio-menu-semaine.jpg');\" id=\"hero_block\">\n    <a href=\"https:\/\/lepatio-restaurant.ch\/fr\/\" class=\"hero-logo-link\" > \n      <span class=\"hero-logo\" style=\"background-image: url('https:\/\/lepatio-restaurant.ch\/app\/themes\/sowh4t-wp-starter\/assets\/img\/le_patio_logo_blanc.svg');\"><\/span>\n        <\/a>\n\n\n      <h1 class=\"hero-title\"> Menus de la semaine <\/h1>\n  \n    \n\n      <div class=\"row discover-row\">\n      <div class=\"col-md-12\">\n      <a href=\"#bouillon-content\" class=\"skip\">\n                D\u00e9couvrir\n                <i class=\"fa-solid fa-chevron-down\"><\/i>\n      <\/a>\n      <\/div>\n    <\/div>\n   \n\n<\/div>\n<div id=\"bouillon-content\"><\/div>\n\n  <div class=\"container block-title\" id=\"week-menu\">\n  <div class=\"row\">\n    <div class=\"col-md-12 row-title\">\n      <h2 class=\"fields-title\">Menu du 30 au 2 AVRIL <\/h2>\n      <p class=\"fields-subtitle\"> Retrouvez notre menu du jour<br><br>\r\nMenu du jour 45.-<br>Plat du jour 26.-\r\n\r\nFERMETURE POUR LES VACANCES DE PAQUES DU 2 AU 12 AVRIL  <\/p>\n    <\/div>\n  <\/div>\n\n  \n<\/div>\n\n\n<div class=\"container block-container week-menu\">\n\n    <div class=\"row\">\n        <div class=\"col-md-2\">\n        <\/div>\n       \n        <div class=\"col-md-8 week-menu-block\">\n            <div class=\"row\">\n                <div class=\"col-12 col-md-12 menu-jour\">\n                    <h4>Lundi 30 Mars <\/h4>\n                <\/div>\n            <\/div>\n            <hr class=\"separtor-menu-1\" \/>\n            <div class=\"row\">\n                <div class=\"col-12 col-md-12 description\">\n                    <div class=\"menu-entree\">\n                        <p>Bouillon de b\u0153uf, ravioles de Royans<\/p>\n\n                    <\/div>\n                                        <div class=\"separator\">&#038;<\/div>\n                    <div class=\"menu-plat\">\n                        <p>Brandade de poissons, \u00e9mulsion \u00e0 l\u2019ail rose<\/p>\n\n                    <\/div>\n                                                            <div class=\"separator\">&#038;<\/div>\n                    <div class=\"menu-dessert\">\n                        <p> Dessert du jour de notre p\u00e2tissier<\/p>\n\n                    <\/div>\n                                    <\/div>\n            <\/div>\n        <\/div>\n       \n\n        <div class=\"col-md-2\">\n        <\/div>\n    <\/div>\n\n    <div class=\"row\">\n        <div class=\"col-md-2\">\n        <\/div>\n       \n        <div class=\"col-md-8 week-menu-block\">\n            <div class=\"row\">\n                <div class=\"col-12 col-md-12 menu-jour\">\n                    <h4>Mardi  31  Mars<\/h4>\n                <\/div>\n            <\/div>\n            <hr class=\"separtor-menu-1\" \/>\n            <div class=\"row\">\n                <div class=\"col-12 col-md-12 description\">\n                    <div class=\"menu-entree\">\n                        <p>Salade de lentilles aux f\u00e9vettes et truite fum\u00e9e<\/p>\n\n                    <\/div>\n                                        <div class=\"separator\">&#038;<\/div>\n                    <div class=\"menu-plat\">\n                        <p>Saut\u00e9 de b\u0153uf tha\u00ef et pur\u00e9e de patate douce<\/p>\n\n                    <\/div>\n                                                            <div class=\"separator\">&#038;<\/div>\n                    <div class=\"menu-dessert\">\n                        <p> Dessert du jour de notre p\u00e2tissier<\/p>\n\n                    <\/div>\n                                    <\/div>\n            <\/div>\n        <\/div>\n       \n\n        <div class=\"col-md-2\">\n        <\/div>\n    <\/div>\n\n    <div class=\"row\">\n        <div class=\"col-md-2\">\n        <\/div>\n       \n        <div class=\"col-md-8 week-menu-block\">\n            <div class=\"row\">\n                <div class=\"col-12 col-md-12 menu-jour\">\n                    <h4>Mercredi 1 Avril<\/h4>\n                <\/div>\n            <\/div>\n            <hr class=\"separtor-menu-1\" \/>\n            <div class=\"row\">\n                <div class=\"col-12 col-md-12 description\">\n                    <div class=\"menu-entree\">\n                        <p>Cromesquis de cochon, pur\u00e9e de mais cajun<\/p>\n\n                    <\/div>\n                                        <div class=\"separator\">&#038;<\/div>\n                    <div class=\"menu-plat\">\n                        <p>Filet de loup snack\u00e9, caviar d\u2019aubergines, vierge de tomates et riz basmati<\/p>\n\n                    <\/div>\n                                                            <div class=\"separator\">&#038;<\/div>\n                    <div class=\"menu-dessert\">\n                        <p>Dessert du jour de notre chef p\u00e2tissier <\/p>\n\n                    <\/div>\n                                    <\/div>\n            <\/div>\n        <\/div>\n       \n\n        <div class=\"col-md-2\">\n        <\/div>\n    <\/div>\n\n    <div class=\"row\">\n        <div class=\"col-md-2\">\n        <\/div>\n       \n        <div class=\"col-md-8 week-menu-block\">\n            <div class=\"row\">\n                <div class=\"col-12 col-md-12 menu-jour\">\n                    <h4>Jeudi 2 Avril<\/h4>\n                <\/div>\n            <\/div>\n            <hr class=\"separtor-menu-1\" \/>\n            <div class=\"row\">\n                <div class=\"col-12 col-md-12 description\">\n                    <div class=\"menu-entree\">\n                        <p>Ceviche de daurade aux fruits de la passion<\/p>\n\n                    <\/div>\n                                        <div class=\"separator\">&#038;<\/div>\n                    <div class=\"menu-plat\">\n                        <p>Wok de volaille au curry, nouilles chinoises<\/p>\n\n                    <\/div>\n                                                            <div class=\"separator\">&#038;<\/div>\n                    <div class=\"menu-dessert\">\n                        <p>Dessert du jour de notre chef p\u00e2tissier <\/p>\n\n                    <\/div>\n                                    <\/div>\n            <\/div>\n        <\/div>\n       \n\n        <div class=\"col-md-2\">\n        <\/div>\n    <\/div>\n\n    <div class=\"row\">\n        <div class=\"col-md-2\">\n        <\/div>\n       \n        <div class=\"col-md-8 week-menu-block\">\n            <div class=\"row\">\n                <div class=\"col-12 col-md-12 menu-jour\">\n                    <h4>Vendredi 3 Avril<\/h4>\n                <\/div>\n            <\/div>\n            <hr class=\"separtor-menu-1\" \/>\n            <div class=\"row\">\n                <div class=\"col-12 col-md-12 description\">\n                    <div class=\"menu-entree\">\n                        <p>S<\/p>\n\n                    <\/div>\n                                        <div class=\"separator\">&#038;<\/div>\n                    <div class=\"menu-plat\">\n                        <p>FERMETURE<\/p>\n\n                    <\/div>\n                                                        <\/div>\n            <\/div>\n        <\/div>\n       \n\n        <div class=\"col-md-2\">\n        <\/div>\n    <\/div>\n\n    <div class=\"row\">\n        <div class=\"col-md-2\">\n        <\/div>\n       \n        <div class=\"col-md-8 week-menu-block\">\n            <div class=\"row\">\n                <div class=\"col-12 col-md-12 menu-jour\">\n                    <h4><\/h4>\n                <\/div>\n            <\/div>\n            <hr class=\"separtor-menu-1\" \/>\n            <div class=\"row\">\n                <div class=\"col-12 col-md-12 description\">\n                    <div class=\"menu-entree\">\n                        \n                    <\/div>\n                                                        <\/div>\n            <\/div>\n        <\/div>\n       \n\n        <div class=\"col-md-2\">\n        <\/div>\n    <\/div>\n\n<\/div>\n\n\n\n<p><\/p>\n\n\n  <div class=\"container block-title\" id=\"\">\n  <div class=\"row\">\n    <div class=\"col-md-12 row-title\">\n      <h2 class=\"fields-title\">Agenda du Patio<\/h2>\n      <p class=\"fields-subtitle\"> Retrouvez l\u2019agenda des \u00e9v\u00e8nements organis\u00e9 par l\u2019\u00e9quipe du Patio. <\/p>\n    <\/div>\n  <\/div>\n\n  \n<\/div>\n\n<div class=\"container all-posts-container\">\n  <div class=\"row\">\n              <div class=\"col-md-4 post-container\">\n          <a href=\"https:\/\/lepatio-restaurant.ch\/fr\/soiree-6-mains-avec-philippe-chevrier\/\" class=\"card-post-link\"> \n    <div class=\"card\">\n        <div class=\"card-img-top\"  style=\"background-image: url(https:\/\/lepatio-restaurant.ch\/app\/uploads\/2026\/03\/Portrait-Philippe-Chevrier.jpg\">\n            <div class=\"agenda-date\">\n                                                             \n                                                    <span class=\"post-date\"><i class=\"fas fa-calendar\"><\/i> 29\/04\/26  <\/span>\n            <\/div>\n        <\/div>\n        <div class=\"card-body\">\n            \n            <h5 class=\"fields-title\">Soir\u00e9e  &#8220;6 Mains&#8221; avec Philippe Chevrier<\/h5>\n            \n             \n            <div class=\"single-post-description\"> <p>Le Patio re\u00e7oit Philippe Chevrier<\/p> <p>Mercredi 29 Avril prochain d\u00e8s 19 heures<\/p> <p><\/p> <p>Le 29&hellip;<\/p> \n        <p class=\"click\">En savoir plus<\/p>\n\n            <\/div>\n        <\/div>\n    <\/div> \n<\/a>        <\/div>\n              <div class=\"col-md-4 post-container\">\n          <a href=\"https:\/\/lepatio-restaurant.ch\/fr\/soiree-asperges-morilles\/\" class=\"card-post-link\"> \n    <div class=\"card\">\n        <div class=\"card-img-top\"  style=\"background-image: url(https:\/\/lepatio-restaurant.ch\/app\/uploads\/2026\/03\/morilles.jpg\">\n            <div class=\"agenda-date\">\n                                                             \n                                                    <span class=\"post-date\"><i class=\"fas fa-calendar\"><\/i> 26\/03\/26  <\/span>\n            <\/div>\n        <\/div>\n        <div class=\"card-body\">\n            \n            <h5 class=\"fields-title\">Soir\u00e9e Asperges &amp; Morilles<\/h5>\n            \n             \n            <div class=\"single-post-description\"> <p>&nbsp;Le printemps s\u2019invite \u00e0 votre table\u2026&nbsp;<\/p> <p>Le 26 mars, nous vous donnons rendez-vous pour une&hellip;<\/p> \n        <p class=\"click\">En savoir plus<\/p>\n\n            <\/div>\n        <\/div>\n    <\/div> \n<\/a>        <\/div>\n              <div class=\"col-md-4 post-container\">\n          <a href=\"https:\/\/lepatio-restaurant.ch\/fr\/soiree-saint-valentin-2026\/\" class=\"card-post-link\"> \n    <div class=\"card\">\n        <div class=\"card-img-top\"  style=\"background-image: url(https:\/\/lepatio-restaurant.ch\/app\/uploads\/2023\/02\/Le-Patio-saint-valentin.jpg\">\n            <div class=\"agenda-date\">\n                                                             \n                                                    <span class=\"post-date\"><i class=\"fas fa-calendar\"><\/i> 14\/02\/26  <\/span>\n            <\/div>\n        <\/div>\n        <div class=\"card-body\">\n            \n            <h5 class=\"fields-title\">Soir\u00e9e Saint-Valentin 2026<\/h5>\n            \n             \n            <div class=\"single-post-description\"> <p>Le patio vous invite \u00e0 une soir\u00e9e Saint-Valentin le Samedi 14 F\u00e9vrier .<\/p> <p>Tarif: CHF&hellip;<\/p> \n        <p class=\"click\">En savoir plus<\/p>\n\n            <\/div>\n        <\/div>\n    <\/div> \n<\/a>        <\/div>\n              <div class=\"col-md-4 post-container\">\n          <a href=\"https:\/\/lepatio-restaurant.ch\/fr\/soiree-hommage-a-la-cuisine-de-bernard-loiseau\/\" class=\"card-post-link\"> \n    <div class=\"card\">\n        <div class=\"card-img-top\"  style=\"background-image: url(https:\/\/lepatio-restaurant.ch\/app\/uploads\/2026\/01\/OISEAU.jpg\">\n            <div class=\"agenda-date\">\n                                                             \n                                                    <span class=\"post-date\"><i class=\"fas fa-calendar\"><\/i> 29\/01\/26  <\/span>\n            <\/div>\n        <\/div>\n        <div class=\"card-body\">\n            \n            <h5 class=\"fields-title\">Soir\u00e9e Hommage \u00e0 la cuisine de BERNARD LOISEAU<\/h5>\n            \n             \n            <div class=\"single-post-description\"> <p><\/p> <p><\/p> 29\/01\/2026 &#8211; d\u00e8s 19h00 <p>Tarif: CHF 135.-<\/p> <p><\/p> <p>Il y a 50 ans,&hellip;<\/p> \n        <p class=\"click\">En savoir plus<\/p>\n\n            <\/div>\n        <\/div>\n    <\/div> \n<\/a>        <\/div>\n              <div class=\"col-md-4 post-container\">\n          <a href=\"https:\/\/lepatio-restaurant.ch\/fr\/soiree-de-noel-du-patio\/\" class=\"card-post-link\"> \n    <div class=\"card\">\n        <div class=\"card-img-top\"  style=\"background-image: url(https:\/\/lepatio-restaurant.ch\/app\/uploads\/2024\/05\/le-patio-restaurant-salle-2024-galerie-01.jpg\">\n            <div class=\"agenda-date\">\n                                                             \n                                                    <span class=\"post-date\"><i class=\"fas fa-calendar\"><\/i> 11\/12\/25  <\/span>\n            <\/div>\n        <\/div>\n        <div class=\"card-body\">\n            \n            <h5 class=\"fields-title\">Soir\u00e9e de Noel du Patio<\/h5>\n            \n             \n            <div class=\"single-post-description\"> <p><\/p> 11\/12\/2025 &#8211; d\u00e8s 19h00 <p>Tarif: CHF 200.-<\/p> <p>Une soir\u00e9e plac\u00e9e sous le signe de&hellip;<\/p> \n        <p class=\"click\">En savoir plus<\/p>\n\n            <\/div>\n        <\/div>\n    <\/div> \n<\/a>        <\/div>\n              <div class=\"col-md-4 post-container\">\n          <a href=\"https:\/\/lepatio-restaurant.ch\/fr\/soiree-menu-champignon\/\" class=\"card-post-link\"> \n    <div class=\"card\">\n        <div class=\"card-img-top\"  style=\"background-image: url(https:\/\/lepatio-restaurant.ch\/app\/uploads\/2025\/07\/DSC01979_11zon-scaled.jpg\">\n            <div class=\"agenda-date\">\n                                                             \n                                                    <span class=\"post-date\"><i class=\"fas fa-calendar\"><\/i> 04\/09\/25  <\/span>\n            <\/div>\n        <\/div>\n        <div class=\"card-body\">\n            \n            <h5 class=\"fields-title\">Soir\u00e9e  &#8211; Menu Champignon<\/h5>\n            \n             \n            <div class=\"single-post-description\"> <p><\/p> 04\/09\/2025 &#8211; d\u00e8s 19h00 <p>Tarif: CHF 135.-<\/p> <p>En septembre, on a envie de r\u00e9unir&hellip;<\/p> \n        <p class=\"click\">En savoir plus<\/p>\n\n            <\/div>\n        <\/div>\n    <\/div> \n<\/a>        <\/div>\n              <\/div>\n<\/div>","protected":false},"excerpt":{"rendered":"","protected":false},"author":2,"featured_media":0,"parent":920,"menu_order":0,"comment_status":"closed","ping_status":"closed","template":"","meta":{"inline_featured_image":false,"footnotes":""},"acf":[],"yoast_head":"<!-- This site is optimized with the Yoast SEO plugin v19.8 - https:\/\/yoast.com\/wordpress\/plugins\/seo\/ -->\n<title>Menus de la semaine - Le Patio<\/title>\n<meta name=\"robots\" content=\"index, follow, max-snippet:-1, max-image-preview:large, max-video-preview:-1\" \/>\n<link rel=\"canonical\" href=\"https:\/\/lepatio-restaurant.ch\/fr\/restaurant\/menus-de-la-semaine\/\" \/>\n<meta property=\"og:locale\" content=\"fr_FR\" \/>\n<meta property=\"og:type\" content=\"article\" \/>\n<meta property=\"og:title\" content=\"Menus de la semaine - Le Patio\" \/>\n<meta property=\"og:url\" content=\"https:\/\/lepatio-restaurant.ch\/fr\/restaurant\/menus-de-la-semaine\/\" \/>\n<meta property=\"og:site_name\" content=\"Le Patio\" \/>\n<meta property=\"article:modified_time\" content=\"2026-03-27T18:11:58+00:00\" \/>\n<meta name=\"twitter:card\" content=\"summary_large_image\" \/>\n<script type=\"application\/ld+json\" class=\"yoast-schema-graph\">{\"@context\":\"https:\/\/schema.org\",\"@graph\":[{\"@type\":\"WebPage\",\"@id\":\"https:\/\/lepatio-restaurant.ch\/fr\/restaurant\/menus-de-la-semaine\/\",\"url\":\"https:\/\/lepatio-restaurant.ch\/fr\/restaurant\/menus-de-la-semaine\/\",\"name\":\"Menus de la semaine - Le Patio\",\"isPartOf\":{\"@id\":\"https:\/\/lepatio-restaurant.ch\/fr\/#website\"},\"datePublished\":\"2022-11-08T20:55:02+00:00\",\"dateModified\":\"2026-03-27T18:11:58+00:00\",\"breadcrumb\":{\"@id\":\"https:\/\/lepatio-restaurant.ch\/fr\/restaurant\/menus-de-la-semaine\/#breadcrumb\"},\"inLanguage\":\"fr-FR\",\"potentialAction\":[{\"@type\":\"ReadAction\",\"target\":[\"https:\/\/lepatio-restaurant.ch\/fr\/restaurant\/menus-de-la-semaine\/\"]}]},{\"@type\":\"BreadcrumbList\",\"@id\":\"https:\/\/lepatio-restaurant.ch\/fr\/restaurant\/menus-de-la-semaine\/#breadcrumb\",\"itemListElement\":[{\"@type\":\"ListItem\",\"position\":1,\"name\":\"Home\",\"item\":\"https:\/\/lepatio-restaurant.ch\/fr\/\"},{\"@type\":\"ListItem\",\"position\":2,\"name\":\"Restaurant\",\"item\":\"https:\/\/lepatio-restaurant.ch\/fr\/restaurant\/\"},{\"@type\":\"ListItem\",\"position\":3,\"name\":\"Menus de la semaine\"}]},{\"@type\":\"WebSite\",\"@id\":\"https:\/\/lepatio-restaurant.ch\/fr\/#website\",\"url\":\"https:\/\/lepatio-restaurant.ch\/fr\/\",\"name\":\"Le Patio\",\"description\":\"Cr\u00e9ateur de vos moments d&#039;exception\",\"publisher\":{\"@id\":\"https:\/\/lepatio-restaurant.ch\/fr\/#organization\"},\"potentialAction\":[{\"@type\":\"SearchAction\",\"target\":{\"@type\":\"EntryPoint\",\"urlTemplate\":\"https:\/\/lepatio-restaurant.ch\/fr\/?s={search_term_string}\"},\"query-input\":\"required name=search_term_string\"}],\"inLanguage\":\"fr-FR\"},{\"@type\":\"Organization\",\"@id\":\"https:\/\/lepatio-restaurant.ch\/fr\/#organization\",\"name\":\"Le Patio\",\"url\":\"https:\/\/lepatio-restaurant.ch\/fr\/\",\"sameAs\":[],\"logo\":{\"@type\":\"ImageObject\",\"inLanguage\":\"fr-FR\",\"@id\":\"https:\/\/lepatio-restaurant.ch\/fr\/#\/schema\/logo\/image\/\",\"url\":\"https:\/\/lepatio-restaurant.ch\/app\/uploads\/2024\/05\/logo-lePatio2024.jpg\",\"contentUrl\":\"https:\/\/lepatio-restaurant.ch\/app\/uploads\/2024\/05\/logo-lePatio2024.jpg\",\"width\":400,\"height\":400,\"caption\":\"Le Patio\"},\"image\":{\"@id\":\"https:\/\/lepatio-restaurant.ch\/fr\/#\/schema\/logo\/image\/\"}}]}<\/script>\n<!-- \/ Yoast SEO plugin. -->","yoast_head_json":{"title":"Menus de la semaine - Le Patio","robots":{"index":"index","follow":"follow","max-snippet":"max-snippet:-1","max-image-preview":"max-image-preview:large","max-video-preview":"max-video-preview:-1"},"canonical":"https:\/\/lepatio-restaurant.ch\/fr\/restaurant\/menus-de-la-semaine\/","og_locale":"fr_FR","og_type":"article","og_title":"Menus de la semaine - Le Patio","og_url":"https:\/\/lepatio-restaurant.ch\/fr\/restaurant\/menus-de-la-semaine\/","og_site_name":"Le Patio","article_modified_time":"2026-03-27T18:11:58+00:00","twitter_card":"summary_large_image","schema":{"@context":"https:\/\/schema.org","@graph":[{"@type":"WebPage","@id":"https:\/\/lepatio-restaurant.ch\/fr\/restaurant\/menus-de-la-semaine\/","url":"https:\/\/lepatio-restaurant.ch\/fr\/restaurant\/menus-de-la-semaine\/","name":"Menus de la semaine - Le Patio","isPartOf":{"@id":"https:\/\/lepatio-restaurant.ch\/fr\/#website"},"datePublished":"2022-11-08T20:55:02+00:00","dateModified":"2026-03-27T18:11:58+00:00","breadcrumb":{"@id":"https:\/\/lepatio-restaurant.ch\/fr\/restaurant\/menus-de-la-semaine\/#breadcrumb"},"inLanguage":"fr-FR","potentialAction":[{"@type":"ReadAction","target":["https:\/\/lepatio-restaurant.ch\/fr\/restaurant\/menus-de-la-semaine\/"]}]},{"@type":"BreadcrumbList","@id":"https:\/\/lepatio-restaurant.ch\/fr\/restaurant\/menus-de-la-semaine\/#breadcrumb","itemListElement":[{"@type":"ListItem","position":1,"name":"Home","item":"https:\/\/lepatio-restaurant.ch\/fr\/"},{"@type":"ListItem","position":2,"name":"Restaurant","item":"https:\/\/lepatio-restaurant.ch\/fr\/restaurant\/"},{"@type":"ListItem","position":3,"name":"Menus de la semaine"}]},{"@type":"WebSite","@id":"https:\/\/lepatio-restaurant.ch\/fr\/#website","url":"https:\/\/lepatio-restaurant.ch\/fr\/","name":"Le Patio","description":"Cr\u00e9ateur de vos moments d&#039;exception","publisher":{"@id":"https:\/\/lepatio-restaurant.ch\/fr\/#organization"},"potentialAction":[{"@type":"SearchAction","target":{"@type":"EntryPoint","urlTemplate":"https:\/\/lepatio-restaurant.ch\/fr\/?s={search_term_string}"},"query-input":"required name=search_term_string"}],"inLanguage":"fr-FR"},{"@type":"Organization","@id":"https:\/\/lepatio-restaurant.ch\/fr\/#organization","name":"Le Patio","url":"https:\/\/lepatio-restaurant.ch\/fr\/","sameAs":[],"logo":{"@type":"ImageObject","inLanguage":"fr-FR","@id":"https:\/\/lepatio-restaurant.ch\/fr\/#\/schema\/logo\/image\/","url":"https:\/\/lepatio-restaurant.ch\/app\/uploads\/2024\/05\/logo-lePatio2024.jpg","contentUrl":"https:\/\/lepatio-restaurant.ch\/app\/uploads\/2024\/05\/logo-lePatio2024.jpg","width":400,"height":400,"caption":"Le Patio"},"image":{"@id":"https:\/\/lepatio-restaurant.ch\/fr\/#\/schema\/logo\/image\/"}}]}},"_links":{"self":[{"href":"https:\/\/lepatio-restaurant.ch\/fr\/wp-json\/wp\/v2\/pages\/1579"}],"collection":[{"href":"https:\/\/lepatio-restaurant.ch\/fr\/wp-json\/wp\/v2\/pages"}],"about":[{"href":"https:\/\/lepatio-restaurant.ch\/fr\/wp-json\/wp\/v2\/types\/page"}],"author":[{"embeddable":true,"href":"https:\/\/lepatio-restaurant.ch\/fr\/wp-json\/wp\/v2\/users\/2"}],"replies":[{"embeddable":true,"href":"https:\/\/lepatio-restaurant.ch\/fr\/wp-json\/wp\/v2\/comments?post=1579"}],"version-history":[{"count":394,"href":"https:\/\/lepatio-restaurant.ch\/fr\/wp-json\/wp\/v2\/pages\/1579\/revisions"}],"predecessor-version":[{"id":7146,"href":"https:\/\/lepatio-restaurant.ch\/fr\/wp-json\/wp\/v2\/pages\/1579\/revisions\/7146"}],"up":[{"embeddable":true,"href":"https:\/\/lepatio-restaurant.ch\/fr\/wp-json\/wp\/v2\/pages\/920"}],"wp:attachment":[{"href":"https:\/\/lepatio-restaurant.ch\/fr\/wp-json\/wp\/v2\/media?parent=1579"}],"curies":[{"name":"wp","href":"https:\/\/api.w.org\/{rel}","templated":true}]}}