





{"id":1632,"date":"2022-11-09T08:33:36","date_gmt":"2022-11-09T07:33:36","guid":{"rendered":"https:\/\/lepatio-restaurant.ch\/?page_id=1632"},"modified":"2026-03-11T20:43:37","modified_gmt":"2026-03-11T19:43:37","slug":"menus-de-groupe","status":"publish","type":"page","link":"https:\/\/lepatio-restaurant.ch\/fr\/restaurant\/menus-de-groupe\/","title":{"rendered":"Menus de Groupe"},"content":{"rendered":"<div class=\" container-fluid hero-page\" style=\"background-image:linear-gradient(0deg, transparent  -5%, rgba(0, 0, 0, 0.55) 120%), url('https:\/\/lepatio-restaurant.ch\/app\/uploads\/2022\/11\/Le-Patio-fin-annee.jpg');\" id=\"hero_block\">\n    <a href=\"https:\/\/lepatio-restaurant.ch\/fr\/\" class=\"hero-logo-link\" > \n      <span class=\"hero-logo\" style=\"background-image: url('https:\/\/lepatio-restaurant.ch\/app\/themes\/sowh4t-wp-starter\/assets\/img\/le_patio_logo_blanc.svg');\"><\/span>\n        <\/a>\n\n\n      <h1 class=\"hero-title\"> NOS MENUS DE GROUPE  <\/h1>\n  \n    \n\n      <div class=\"row discover-row\">\n      <div class=\"col-md-12\">\n      <a href=\"#bouillon-content\" class=\"skip\">\n                D\u00e9couvrir\n                <i class=\"fa-solid fa-chevron-down\"><\/i>\n      <\/a>\n      <\/div>\n    <\/div>\n   \n\n<\/div>\n<div id=\"bouillon-content\"><\/div>\n\n  <div class=\"container block-title\" id=\"week-menu\">\n  <div class=\"row\">\n    <div class=\"col-md-12 row-title\">\n      <h2 class=\"fields-title\">Menus pour vos repas au Patio<\/h2>\n      <p class=\"fields-subtitle\"> Envie de passer un bon moment avec vos coll\u00e8gues, notre restaurant est le lieu id\u00e9al \r\nNous vous proposons des offres sur mesure pour faire de vos repas un moment d&#8217;exception\r\nVous pouvez privatiser nos diff\u00e9rents espaces  de 8 \u00e0 60 personnes   <\/p>\n    <\/div>\n  <\/div>\n\n  \n<\/div>\n\n\n<p><\/p>\n\n\n\n<div class=\"container block-container week-menu\">\n\n    <div class=\"row\">\n        <div class=\"col-md-2\">\n        <\/div>\n        <div class=\"col-md-8 week-menu-block\">\n       \n            <div class=\"row\">\n                <div class=\"col-12 col-md-12 menu-jour\">\n                    <h4>MENU PATIO <\/h4>\n                    <p class=\"price\">65.-<\/p>\n                <\/div>\n            <\/div>\n            <hr class=\"separtor-menu-1\" \/>\n            <div class=\"row\">\n                <div class=\"col-12 col-md-12 description\">\n                    <div class=\"menu-entree\">\n                        <p style=\"text-align: center;\">Rilette de maquereaux, herbettes et citron, siphon de riz <\/p>\n<p style=\"text-align: center;\">Oeufs parfait aux asperges et morilles <\/p>\n\n                    <\/div>\n                    <div class=\"separator\">&#038;<\/div>\n                    <div class=\"menu-plat\">\n                        <p style=\"text-align: center;\">Ballotine  de volaille insert \u00e0 l&#8217;ail des ours, polenta croustillante et asperges <\/p>\n<p style=\"text-align: center;\">\n<p style=\"text-align: center;\">Aile de raie r\u00f4tie et vierge de tomates, olives et citron <\/p>\n\n                    <\/div>\n                                                            <div class=\"separator\">&#038;<\/div>\n                    <div class=\"menu-plat\">\n                        <p style=\"text-align: center;\">\nTarte au citron meringu\u00e9e <\/p>\n<p style=\"text-align: center;\">\n<p style=\"text-align: center;\">Suppl\u00e9ment fromage Chf15.-<\/p>\n\n                    <\/div>\n                <\/div>\n            <\/div>\n       \n        <\/div>\n       \n\n        <div class=\"col-md-2\">\n        <\/div>\n   \n    <\/div>\n    \n    <div class=\"row\">\n        <div class=\"col-md-2\">\n        <\/div>\n        <div class=\"col-md-8 week-menu-block\">\n       \n            <div class=\"row\">\n                <div class=\"col-12 col-md-12 menu-jour\">\n                    <h4>MENU RIVE GAUCHE <\/h4>\n                    <p class=\"price\"> 80.-<\/p>\n                <\/div>\n            <\/div>\n            <hr class=\"separtor-menu-1\" \/>\n            <div class=\"row\">\n                <div class=\"col-12 col-md-12 description\">\n                    <div class=\"menu-entree\">\n                        <p style=\"text-align: center;\">Asperges du moment ,<br \/>\nsabayon orange et poivre fum\u00e9<\/p>\n<p style=\"text-align: center;\">Ceviche de daurade aux fruits de la passion <\/p>\n\n                    <\/div>\n                    <div class=\"separator\">&#038;<\/div>\n                    <div class=\"menu-plat\">\n                        <p style=\"text-align: center;\">Pav\u00e9 de cabillaud, beurre nantais oeuf de truite, risotto aux asperges \u00e0 l&#8217;ail des ours <\/p>\n<p style=\"text-align: center;\">Quenelle de volaille aux morilles et petits pois \u00e0 la fran\u00e7aise, riz pilaf  <\/p>\n<p style=\"text-align: center;\">\n\n                    <\/div>\n                                                            <div class=\"separator\">&#038;<\/div>\n                    <div class=\"menu-plat\">\n                        <p style=\"text-align: center;\"> Pavlova aux fruit de la passion <\/p>\n<p style=\"text-align: center;\"<\/p>\n<p style=\"text-align: center;\">Tarte au chocolat, caramel beurre sal\u00e9<\/p>\n\n                    <\/div>\n                <\/div>\n            <\/div>\n       \n        <\/div>\n       \n\n        <div class=\"col-md-2\">\n        <\/div>\n   \n    <\/div>\n    \n    <div class=\"row\">\n        <div class=\"col-md-2\">\n        <\/div>\n        <div class=\"col-md-8 week-menu-block\">\n       \n            <div class=\"row\">\n                <div class=\"col-12 col-md-12 menu-jour\">\n                    <h4>MENU PATIONNEE<\/h4>\n                    <p class=\"price\">100<\/p>\n                <\/div>\n            <\/div>\n            <hr class=\"separtor-menu-1\" \/>\n            <div class=\"row\">\n                <div class=\"col-12 col-md-12 description\">\n                    <div class=\"menu-entree\">\n                        <p style=\"text-align: center;\">Tataki de thon, patate douce et yuzu <\/p>\n<p style=\"text-align: center;\">Le verger du Chef, straciatella et l\u00e9gumes du soleil  <\/p>\n\n                    <\/div>\n                    <div class=\"separator\">&#038;<\/div>\n                    <div class=\"menu-plat\">\n                        <p style=\"text-align: center;\">Filet de boeuf, sauce aux morilles, asperges r\u00f4ties et mousseline de pommes de terre<\/p>\n<p style=\"text-align: center;\">Omble chevalier, petits pois et pur\u00e9e l\u00e9g\u00e8rement citronn\u00e9e<\/p>\n\n                    <\/div>\n                                                            <div class=\"separator\">&#038;<\/div>\n                    <div class=\"menu-plat\">\n                        <p style=\"text-align: center;\">Siphon chocolat, brownies et caramel <\/p>\n<p style=\"text-align: center;\">Tarte aux fraises et sorbet <\/p>\n\n                    <\/div>\n                <\/div>\n            <\/div>\n       \n        <\/div>\n       \n\n        <div class=\"col-md-2\">\n        <\/div>\n   \n    <\/div>\n    \n    <div class=\"row\">\n        <div class=\"col-md-2\">\n        <\/div>\n        <div class=\"col-md-8 week-menu-block\">\n       \n            <div class=\"row\">\n                <div class=\"col-12 col-md-12 menu-jour\">\n                    <h4><\/h4>\n                    <p class=\"price\"><\/p>\n                <\/div>\n            <\/div>\n            <hr class=\"separtor-menu-1\" \/>\n            <div class=\"row\">\n                <div class=\"col-12 col-md-12 description\">\n                    <div class=\"menu-entree\">\n                        \n                    <\/div>\n                    <div class=\"separator\">&#038;<\/div>\n                    <div class=\"menu-plat\">\n                        \n                    <\/div>\n                                                            <div class=\"separator\">&#038;<\/div>\n                    <div class=\"menu-plat\">\n                        \n                    <\/div>\n                <\/div>\n            <\/div>\n       \n        <\/div>\n       \n\n        <div class=\"col-md-2\">\n        <\/div>\n   \n    <\/div>\n    <\/div>\n","protected":false},"excerpt":{"rendered":"","protected":false},"author":2,"featured_media":0,"parent":920,"menu_order":0,"comment_status":"closed","ping_status":"closed","template":"","meta":{"inline_featured_image":false,"footnotes":""},"acf":[],"yoast_head":"<!-- This site is optimized with the Yoast SEO plugin v19.8 - https:\/\/yoast.com\/wordpress\/plugins\/seo\/ -->\n<title>Menus de Groupe - Le Patio<\/title>\n<meta name=\"robots\" content=\"index, follow, max-snippet:-1, max-image-preview:large, max-video-preview:-1\" \/>\n<link rel=\"canonical\" href=\"https:\/\/lepatio-restaurant.ch\/fr\/restaurant\/menus-de-groupe\/\" \/>\n<meta property=\"og:locale\" content=\"fr_FR\" \/>\n<meta property=\"og:type\" content=\"article\" \/>\n<meta property=\"og:title\" content=\"Menus de Groupe - Le Patio\" \/>\n<meta property=\"og:url\" content=\"https:\/\/lepatio-restaurant.ch\/fr\/restaurant\/menus-de-groupe\/\" \/>\n<meta property=\"og:site_name\" content=\"Le Patio\" \/>\n<meta property=\"article:modified_time\" content=\"2026-03-11T19:43:37+00:00\" \/>\n<meta name=\"twitter:card\" content=\"summary_large_image\" \/>\n<script type=\"application\/ld+json\" class=\"yoast-schema-graph\">{\"@context\":\"https:\/\/schema.org\",\"@graph\":[{\"@type\":\"WebPage\",\"@id\":\"https:\/\/lepatio-restaurant.ch\/fr\/restaurant\/menus-de-groupe\/\",\"url\":\"https:\/\/lepatio-restaurant.ch\/fr\/restaurant\/menus-de-groupe\/\",\"name\":\"Menus de Groupe - Le Patio\",\"isPartOf\":{\"@id\":\"https:\/\/lepatio-restaurant.ch\/fr\/#website\"},\"datePublished\":\"2022-11-09T07:33:36+00:00\",\"dateModified\":\"2026-03-11T19:43:37+00:00\",\"breadcrumb\":{\"@id\":\"https:\/\/lepatio-restaurant.ch\/fr\/restaurant\/menus-de-groupe\/#breadcrumb\"},\"inLanguage\":\"fr-FR\",\"potentialAction\":[{\"@type\":\"ReadAction\",\"target\":[\"https:\/\/lepatio-restaurant.ch\/fr\/restaurant\/menus-de-groupe\/\"]}]},{\"@type\":\"BreadcrumbList\",\"@id\":\"https:\/\/lepatio-restaurant.ch\/fr\/restaurant\/menus-de-groupe\/#breadcrumb\",\"itemListElement\":[{\"@type\":\"ListItem\",\"position\":1,\"name\":\"Home\",\"item\":\"https:\/\/lepatio-restaurant.ch\/fr\/\"},{\"@type\":\"ListItem\",\"position\":2,\"name\":\"Restaurant\",\"item\":\"https:\/\/lepatio-restaurant.ch\/fr\/restaurant\/\"},{\"@type\":\"ListItem\",\"position\":3,\"name\":\"Menus de Groupe\"}]},{\"@type\":\"WebSite\",\"@id\":\"https:\/\/lepatio-restaurant.ch\/fr\/#website\",\"url\":\"https:\/\/lepatio-restaurant.ch\/fr\/\",\"name\":\"Le Patio\",\"description\":\"Cr\u00e9ateur de vos moments d&#039;exception\",\"publisher\":{\"@id\":\"https:\/\/lepatio-restaurant.ch\/fr\/#organization\"},\"potentialAction\":[{\"@type\":\"SearchAction\",\"target\":{\"@type\":\"EntryPoint\",\"urlTemplate\":\"https:\/\/lepatio-restaurant.ch\/fr\/?s={search_term_string}\"},\"query-input\":\"required name=search_term_string\"}],\"inLanguage\":\"fr-FR\"},{\"@type\":\"Organization\",\"@id\":\"https:\/\/lepatio-restaurant.ch\/fr\/#organization\",\"name\":\"Le Patio\",\"url\":\"https:\/\/lepatio-restaurant.ch\/fr\/\",\"sameAs\":[],\"logo\":{\"@type\":\"ImageObject\",\"inLanguage\":\"fr-FR\",\"@id\":\"https:\/\/lepatio-restaurant.ch\/fr\/#\/schema\/logo\/image\/\",\"url\":\"https:\/\/lepatio-restaurant.ch\/app\/uploads\/2024\/05\/logo-lePatio2024.jpg\",\"contentUrl\":\"https:\/\/lepatio-restaurant.ch\/app\/uploads\/2024\/05\/logo-lePatio2024.jpg\",\"width\":400,\"height\":400,\"caption\":\"Le Patio\"},\"image\":{\"@id\":\"https:\/\/lepatio-restaurant.ch\/fr\/#\/schema\/logo\/image\/\"}}]}<\/script>\n<!-- \/ Yoast SEO plugin. -->","yoast_head_json":{"title":"Menus de Groupe - Le Patio","robots":{"index":"index","follow":"follow","max-snippet":"max-snippet:-1","max-image-preview":"max-image-preview:large","max-video-preview":"max-video-preview:-1"},"canonical":"https:\/\/lepatio-restaurant.ch\/fr\/restaurant\/menus-de-groupe\/","og_locale":"fr_FR","og_type":"article","og_title":"Menus de Groupe - Le Patio","og_url":"https:\/\/lepatio-restaurant.ch\/fr\/restaurant\/menus-de-groupe\/","og_site_name":"Le Patio","article_modified_time":"2026-03-11T19:43:37+00:00","twitter_card":"summary_large_image","schema":{"@context":"https:\/\/schema.org","@graph":[{"@type":"WebPage","@id":"https:\/\/lepatio-restaurant.ch\/fr\/restaurant\/menus-de-groupe\/","url":"https:\/\/lepatio-restaurant.ch\/fr\/restaurant\/menus-de-groupe\/","name":"Menus de Groupe - Le Patio","isPartOf":{"@id":"https:\/\/lepatio-restaurant.ch\/fr\/#website"},"datePublished":"2022-11-09T07:33:36+00:00","dateModified":"2026-03-11T19:43:37+00:00","breadcrumb":{"@id":"https:\/\/lepatio-restaurant.ch\/fr\/restaurant\/menus-de-groupe\/#breadcrumb"},"inLanguage":"fr-FR","potentialAction":[{"@type":"ReadAction","target":["https:\/\/lepatio-restaurant.ch\/fr\/restaurant\/menus-de-groupe\/"]}]},{"@type":"BreadcrumbList","@id":"https:\/\/lepatio-restaurant.ch\/fr\/restaurant\/menus-de-groupe\/#breadcrumb","itemListElement":[{"@type":"ListItem","position":1,"name":"Home","item":"https:\/\/lepatio-restaurant.ch\/fr\/"},{"@type":"ListItem","position":2,"name":"Restaurant","item":"https:\/\/lepatio-restaurant.ch\/fr\/restaurant\/"},{"@type":"ListItem","position":3,"name":"Menus de Groupe"}]},{"@type":"WebSite","@id":"https:\/\/lepatio-restaurant.ch\/fr\/#website","url":"https:\/\/lepatio-restaurant.ch\/fr\/","name":"Le Patio","description":"Cr\u00e9ateur de vos moments d&#039;exception","publisher":{"@id":"https:\/\/lepatio-restaurant.ch\/fr\/#organization"},"potentialAction":[{"@type":"SearchAction","target":{"@type":"EntryPoint","urlTemplate":"https:\/\/lepatio-restaurant.ch\/fr\/?s={search_term_string}"},"query-input":"required name=search_term_string"}],"inLanguage":"fr-FR"},{"@type":"Organization","@id":"https:\/\/lepatio-restaurant.ch\/fr\/#organization","name":"Le Patio","url":"https:\/\/lepatio-restaurant.ch\/fr\/","sameAs":[],"logo":{"@type":"ImageObject","inLanguage":"fr-FR","@id":"https:\/\/lepatio-restaurant.ch\/fr\/#\/schema\/logo\/image\/","url":"https:\/\/lepatio-restaurant.ch\/app\/uploads\/2024\/05\/logo-lePatio2024.jpg","contentUrl":"https:\/\/lepatio-restaurant.ch\/app\/uploads\/2024\/05\/logo-lePatio2024.jpg","width":400,"height":400,"caption":"Le Patio"},"image":{"@id":"https:\/\/lepatio-restaurant.ch\/fr\/#\/schema\/logo\/image\/"}}]}},"_links":{"self":[{"href":"https:\/\/lepatio-restaurant.ch\/fr\/wp-json\/wp\/v2\/pages\/1632"}],"collection":[{"href":"https:\/\/lepatio-restaurant.ch\/fr\/wp-json\/wp\/v2\/pages"}],"about":[{"href":"https:\/\/lepatio-restaurant.ch\/fr\/wp-json\/wp\/v2\/types\/page"}],"author":[{"embeddable":true,"href":"https:\/\/lepatio-restaurant.ch\/fr\/wp-json\/wp\/v2\/users\/2"}],"replies":[{"embeddable":true,"href":"https:\/\/lepatio-restaurant.ch\/fr\/wp-json\/wp\/v2\/comments?post=1632"}],"version-history":[{"count":50,"href":"https:\/\/lepatio-restaurant.ch\/fr\/wp-json\/wp\/v2\/pages\/1632\/revisions"}],"predecessor-version":[{"id":7014,"href":"https:\/\/lepatio-restaurant.ch\/fr\/wp-json\/wp\/v2\/pages\/1632\/revisions\/7014"}],"up":[{"embeddable":true,"href":"https:\/\/lepatio-restaurant.ch\/fr\/wp-json\/wp\/v2\/pages\/920"}],"wp:attachment":[{"href":"https:\/\/lepatio-restaurant.ch\/fr\/wp-json\/wp\/v2\/media?parent=1632"}],"curies":[{"name":"wp","href":"https:\/\/api.w.org\/{rel}","templated":true}]}}