





{"id":514,"date":"2022-09-13T10:25:09","date_gmt":"2022-09-13T08:25:09","guid":{"rendered":"https:\/\/lepatio-restaurant.ch\/?page_id=514"},"modified":"2024-09-09T10:10:10","modified_gmt":"2024-09-09T08:10:10","slug":"lepatio-private","status":"publish","type":"page","link":"https:\/\/lepatio-restaurant.ch\/fr\/lepatio-private\/","title":{"rendered":"Le Patio Private"},"content":{"rendered":"<div class=\" container-fluid hero-page\" style=\"background-image:linear-gradient(0deg, transparent  -5%, rgba(0, 0, 0, 0.55) 120%), url('https:\/\/lepatio-restaurant.ch\/app\/uploads\/2022\/11\/1781.jpg');\" id=\"hero_block\">\n    <a href=\"https:\/\/lepatio-restaurant.ch\/fr\/\" class=\"hero-logo-link\" > \n      <span class=\"hero-logo\" style=\"background-image: url('https:\/\/lepatio-restaurant.ch\/app\/themes\/sowh4t-wp-starter\/assets\/img\/le_patio_logo_blanc.svg');\"><\/span>\n        <\/a>\n\n\n      <h1 class=\"hero-title\"> Le Patio Private <\/h1>\n  \n    \n\n      <div class=\"row discover-row\">\n      <div class=\"col-md-12\">\n      <a href=\"#bouillon-content\" class=\"skip\">\n                D\u00e9couvrir\n                <i class=\"fa-solid fa-chevron-down\"><\/i>\n      <\/a>\n      <\/div>\n    <\/div>\n   \n\n<\/div>\n<div id=\"bouillon-content\"><\/div>\n\n<section class=\"block-text-image block-wrapper  bg-left\" id=\"\" style=\"background-color:#ffffff; background-image: url('');\">\n  <div class=\"container \" >\n    <div class=\"row\">\n\n      <div class=\"col-md-6 content-column\">\n       \n        <div class=\"fields-subtitle\">\n          <h5 class=\"\"> LE PATIO PRIVATE <\/h5>\n        <\/div>\n        <div class=\"fields-title \">\n          <h3> Une adresse confidentielle <\/h3>\n        <\/div>\n        <div class=\"fields-image\">\n          <img decoding=\"async\" class=\"image-gauche\" src=\"https:\/\/lepatio-restaurant.ch\/app\/uploads\/2022\/11\/1520-scaled.jpg\" alt=\"1520\">\n        <\/div>\n      <\/div>\n\n      <div class=\"col-md-6 image-column image-right\">\n        <img decoding=\"async\" class=\"image-haut\" src=\"https:\/\/lepatio-restaurant.ch\/app\/uploads\/2022\/11\/le-patio-private-left1.jpg\" alt=\"le-patio-private-left1\">\n        <div class=\"fields-description\">\n          <p>Tout juste ouverte pour en faire profiter les habitu\u00e9s, une salle intimiste dont seule Alexia \u00e0 la clef, promet des diners d\u2019exception pour les amateurs de belles tables et de grands crus.<br \/>\nD\u00e9coration soign\u00e9e, ambiance feutr\u00e9e et chaleureuse, cet \u00e9crin discret est le lieu id\u00e9al pour un \u00e9v\u00e9nement priv\u00e9 en comit\u00e9 restreint, de 2 \u00e0 10 personnes. Repas sur mesure pour recevoir famille, partenaires, coll\u00e8gues tout en se sentant comme chez soi.<\/p>\n\n        <\/div>\n\n\n        <div class=\"button-container-wrapper\">\n\n                      <div class=\"row button-container\">\n              <a href=\"#reserver\" class=\"fields-button\">\n                R\u00c9SERVER\n              <\/a>\n                                        <\/div>\n                        \n                              \n                    \n                    <\/div>\n        <\/div>\n        \n      <\/div>\n\n    <\/div>\n  <\/div>\n<\/section>\n\n<section class=\"bloc-image-gallery\">\n    <div class=\"container\">\n        <div class=\"row\">\n            <div class=\"col-md-1\"><\/div>\n        \n                                            <div class=\"col-lg-5 col-md-12 mb-4 mb-lg-0\">\n                                    <img decoding=\"async\" class=\"w-100 shadow-1-strong mb-4\" src=\"https:\/\/lepatio-restaurant.ch\/app\/uploads\/2022\/11\/1554.jpg\" alt=\"field_image['alt']\"\/> \n            \n                                                                <img decoding=\"async\" class=\"w-100 shadow-1-strong mb-4\" src=\"https:\/\/lepatio-restaurant.ch\/app\/uploads\/2022\/11\/1506.jpg\" alt=\"field_image['alt']\"\/> \n            \n                                <\/div>\n                                                            <div class=\"col-lg-5 col-md-12 mb-4 mb-lg-0\">\n                                    <img decoding=\"async\" class=\"w-100 shadow-1-strong mb-4\" src=\"https:\/\/lepatio-restaurant.ch\/app\/uploads\/2022\/11\/ARC1806.jpg\" alt=\"field_image['alt']\"\/> \n            \n                                                                <img decoding=\"async\" class=\"w-100 shadow-1-strong mb-4\" src=\"https:\/\/lepatio-restaurant.ch\/app\/uploads\/2022\/11\/ARC1871.jpg\" alt=\"field_image['alt']\"\/> \n            \n                                <\/div>\n                                        <div class=\"col-md-1\"><\/div>\n\n        <\/div>\n    <\/div>\n<\/section>\n\n  <div class=\"container block-title\" id=\"reserver\">\n  <div class=\"row\">\n    <div class=\"col-md-12 row-title\">\n      <h2 class=\"fields-title\">R\u00e9servez <\/h2>\n      <p class=\"fields-subtitle\"> Contactez nous afin de r\u00e9server le Patio Private <\/p>\n    <\/div>\n  <\/div>\n\n  \n<\/div>\n\n\n<div class=\"wp-block-contact-form-7-contact-form-selector\"><div role=\"form\" class=\"wpcf7\" id=\"wpcf7-f989-o1\" lang=\"fr-FR\" dir=\"ltr\">\n<div class=\"screen-reader-response\"><p role=\"status\" aria-live=\"polite\" aria-atomic=\"true\"><\/p> <ul><\/ul><\/div>\n<form action=\"\/fr\/wp-json\/wp\/v2\/pages\/514#wpcf7-f989-o1\" method=\"post\" class=\"wpcf7-form init\" novalidate=\"novalidate\" data-status=\"init\">\n<div style=\"display: none;\">\n<input type=\"hidden\" name=\"_wpcf7\" value=\"989\" \/>\n<input type=\"hidden\" name=\"_wpcf7_version\" value=\"5.6.3\" \/>\n<input type=\"hidden\" name=\"_wpcf7_locale\" value=\"fr_FR\" \/>\n<input type=\"hidden\" name=\"_wpcf7_unit_tag\" value=\"wpcf7-f989-o1\" \/>\n<input type=\"hidden\" name=\"_wpcf7_container_post\" value=\"0\" \/>\n<input type=\"hidden\" name=\"_wpcf7_posted_data_hash\" value=\"\" \/>\n<\/div>\n<div class=\"container form-container\" id=\"lepatio-booking\">\n<div class=\"row\">\n<div class=\"col-md-12\">\n<div class=\"fields-title\">\n<h4 style=\"text-align: center; color: #212121;opacity: 0.8;\"> Formulaire de r\u00e9servation <\/h4>\n<\/div>\n<\/div>\n<\/div>\n<div class=\"row\">\n<div class=\"col-md-4 name-col\">\n  <label> Nom<span class=\"required\">*<\/span><br \/>\n    <span class=\"wpcf7-form-control-wrap\" data-name=\"your-name\"><input type=\"text\" name=\"your-name\" value=\"\" size=\"40\" class=\"wpcf7-form-control wpcf7-text wpcf7-validates-as-required\" aria-required=\"true\" aria-invalid=\"false\" \/><\/span> <\/label>\n<\/div>\n<div class=\"col-md-4 firstname-col\">\n  <label> Pr\u00e9nom<span class=\"required\">*<\/span><br \/>\n    <span class=\"wpcf7-form-control-wrap\" data-name=\"your-firstname\"><input type=\"text\" name=\"your-firstname\" value=\"\" size=\"40\" class=\"wpcf7-form-control wpcf7-text wpcf7-validates-as-required\" aria-required=\"true\" aria-invalid=\"false\" \/><\/span> <\/label>\n<\/div>\n<div class=\"col-md-4 email-col\">\n  <label> E-mail<span class=\"required\">*<\/span><br \/>\n    <span class=\"wpcf7-form-control-wrap\" data-name=\"your-email\"><input type=\"email\" name=\"your-email\" value=\"\" size=\"40\" class=\"wpcf7-form-control wpcf7-text wpcf7-email wpcf7-validates-as-required wpcf7-validates-as-email\" aria-required=\"true\" aria-invalid=\"false\" \/><\/span> <\/label><br \/>\n<span id=\"wpcf7-69f40ab9f06e6-wrapper\" class=\"wpcf7-form-control-wrap youremail-441-wrap\" style=\"display:none !important; visibility:hidden !important;\"><label for=\"wpcf7-69f40ab9f06e6-field\" class=\"hp-message\">Please leave this field empty.<\/label><input id=\"wpcf7-69f40ab9f06e6-field\"  class=\"wpcf7-form-control wpcf7-text\" type=\"text\" name=\"youremail-441\" value=\"\" size=\"40\" tabindex=\"-1\" autocomplete=\"new-password\" \/><\/span>\n<\/div>\n<div class=\"col-md-4 phone-col\">\n  <label> T\u00e9l\u00e9phone<span class=\"required\">*<\/span><br \/>\n    <span class=\"wpcf7-form-control-wrap\" data-name=\"your-phone\"><input type=\"tel\" name=\"your-phone\" value=\"\" size=\"40\" class=\"wpcf7-form-control wpcf7-text wpcf7-tel wpcf7-validates-as-required wpcf7-validates-as-tel\" aria-required=\"true\" aria-invalid=\"false\" \/><\/span> <\/label>\n<\/div>\n<div class=\"col-md-4 subject-col\">\n  <label> Objet<span class=\"required\">*<\/span><br \/>\n    <span class=\"wpcf7-form-control-wrap\" data-name=\"your-subject\"><input type=\"text\" name=\"your-subject\" value=\"\" size=\"40\" class=\"wpcf7-form-control wpcf7-text wpcf7-validates-as-required\" aria-required=\"true\" aria-invalid=\"false\" \/><\/span> <\/label>\n<\/div>\n<div class=\"col-md-4 destination-col\">\n  <label> \u00c0 destination<span class=\"required\">*<\/span><br \/>\n     <span class=\"wpcf7-form-control-wrap\" data-name=\"email-recipient\"><select name=\"email-recipient\" class=\"wpcf7-form-control wpcf7-select wpcf7-validates-as-required\" aria-required=\"true\" aria-invalid=\"false\"><option value=\"\u00c9v\u00e9nements\">\u00c9v\u00e9nements<\/option><option value=\"Le Patio Private\">Le Patio Private<\/option><option value=\"Le Patio Restaurant\">Le Patio Restaurant<\/option><\/select><\/span><br \/>\n<\/label>\n<\/div>\n<div class=\"col-md-12 message-col\">\n  <label> Message<span class=\"required\">*<\/span><br \/>\n    <span class=\"wpcf7-form-control-wrap\" data-name=\"your-message\"><textarea name=\"your-message\" cols=\"40\" rows=\"10\" class=\"wpcf7-form-control wpcf7-textarea wpcf7-validates-as-required\" aria-required=\"true\" aria-invalid=\"false\"><\/textarea><\/span> <\/label>\n<\/div>\n<p><span id=\"wpcf7-69f40ab9f0893-wrapper\" class=\"wpcf7-form-control-wrap honeypot-975-wrap\" style=\"display:none !important; visibility:hidden !important;\"><label for=\"wpcf7-69f40ab9f0893-field\" class=\"hp-message\">Please leave this field empty.<\/label><input id=\"wpcf7-69f40ab9f0893-field\"  class=\"wpcf7-form-control wpcf7-text\" type=\"text\" name=\"honeypot-975\" value=\"\" size=\"40\" tabindex=\"-1\" autocomplete=\"new-password\" \/><\/span><\/p>\n<div class=\"col-md-12 button-col\">\n   <input type=\"submit\" value=\"ENVOYER\" class=\"wpcf7-form-control has-spinner wpcf7-submit fields-button\" \/>\n<\/div>\n<\/div>\n<\/div>\n<div class=\"wpcf7-response-output\" aria-hidden=\"true\"><\/div><\/form><\/div><\/div>\n\n\n\n<section class=\"section-partners\" style=\"background-color: rgb(247,247,247);\">\n    <div class=\"container \">\n                <div class=\"row partners-list\">\n            <h5 class=\"title\">Ils nous ont fait confiance<\/h5>\n        <\/div>\n         \n        <div class=\"row partners-list\">\n                        <div class=\"col-md-2\">\n                <a   target=\"_blank\" alt=\"\" class=\"partner\">\n                    <img decoding=\"async\" class=\"partner-img\" src=\"https:\/\/lepatio-restaurant.ch\/app\/uploads\/2022\/11\/client-patio-MAZARS.png\" \/>   \n                <\/a>\n            <\/div>\n                        <div class=\"col-md-2\">\n                <a   target=\"_blank\" alt=\"\" class=\"partner\">\n                    <img decoding=\"async\" class=\"partner-img\" src=\"https:\/\/lepatio-restaurant.ch\/app\/uploads\/2022\/11\/client-patio-VACHERON-CONSTANTIN.png\" \/>   \n                <\/a>\n            <\/div>\n                        <div class=\"col-md-2\">\n                <a   target=\"_blank\" alt=\"\" class=\"partner\">\n                    <img decoding=\"async\" class=\"partner-img\" src=\"https:\/\/lepatio-restaurant.ch\/app\/uploads\/2022\/11\/client-patio-jeager-lecoutre.png\" \/>   \n                <\/a>\n            <\/div>\n                        <div class=\"col-md-2\">\n                <a   target=\"_blank\" alt=\"\" class=\"partner\">\n                    <img decoding=\"async\" class=\"partner-img\" src=\"https:\/\/lepatio-restaurant.ch\/app\/uploads\/2022\/11\/client-patio-INDOSUEZ.png\" \/>   \n                <\/a>\n            <\/div>\n                        <div class=\"col-md-2\">\n                <a   target=\"_blank\" alt=\"\" class=\"partner\">\n                    <img decoding=\"async\" class=\"partner-img\" src=\"https:\/\/lepatio-restaurant.ch\/app\/uploads\/2022\/11\/client-patio-GPHG.png\" \/>   \n                <\/a>\n            <\/div>\n                        <div class=\"col-md-2\">\n                <a   target=\"_blank\" alt=\"\" class=\"partner\">\n                    <img decoding=\"async\" class=\"partner-img\" src=\"https:\/\/lepatio-restaurant.ch\/app\/uploads\/2022\/11\/client-patio-GEROFINANCE.png\" \/>   \n                <\/a>\n            <\/div>\n                        <div class=\"col-md-2\">\n                <a   target=\"_blank\" alt=\"\" class=\"partner\">\n                    <img decoding=\"async\" class=\"partner-img\" src=\"https:\/\/lepatio-restaurant.ch\/app\/uploads\/2022\/11\/client-patio-FORBES.png\" \/>   \n                <\/a>\n            <\/div>\n                        <div class=\"col-md-2\">\n                <a   target=\"_blank\" alt=\"\" class=\"partner\">\n                    <img decoding=\"async\" class=\"partner-img\" src=\"https:\/\/lepatio-restaurant.ch\/app\/uploads\/2022\/11\/client-patio-CONSTANTIN-SA.png\" \/>   \n                <\/a>\n            <\/div>\n                        <div class=\"col-md-2\">\n                <a   target=\"_blank\" alt=\"\" class=\"partner\">\n                    <img decoding=\"async\" class=\"partner-img\" src=\"https:\/\/lepatio-restaurant.ch\/app\/uploads\/2022\/11\/client-patio-COMPTOIR-IMMOBILIER.png\" \/>   \n                <\/a>\n            <\/div>\n                        <div class=\"col-md-2\">\n                <a   target=\"_blank\" alt=\"\" class=\"partner\">\n                    <img decoding=\"async\" class=\"partner-img\" src=\"https:\/\/lepatio-restaurant.ch\/app\/uploads\/2022\/11\/client-patio-BCGE.png\" \/>   \n                <\/a>\n            <\/div>\n                        <div class=\"col-md-2\">\n                <a   target=\"_blank\" alt=\"\" class=\"partner\">\n                    <img decoding=\"async\" class=\"partner-img\" src=\"https:\/\/lepatio-restaurant.ch\/app\/uploads\/2022\/11\/client-patio-Barnes.png\" \/>   \n                <\/a>\n            <\/div>\n            \n        <\/div>\n    <\/div>\n<\/section>\n\n\n<!-- Zenchef Widget SDK -->\n<script>;(function (d, s, id) {const el = d.getElementsByTagName(s)[0]; if (d.getElementById(id) || el.parentNode == null) {return;} var js = d.createElement(s);  js.id = id; js.async = true; js.src = 'https:\/\/sdk.zenchef.com\/v1\/sdk.min.js';  el.parentNode.insertBefore(js, el); })(document, 'script', 'zenchef-sdk')<\/script>\n<div\n   class=\"zc-widget-config\"\n   data-restaurant=\"367767\"\n   data-open=\"2000\"><\/div>\n","protected":false},"excerpt":{"rendered":"","protected":false},"author":6,"featured_media":0,"parent":0,"menu_order":0,"comment_status":"closed","ping_status":"closed","template":"","meta":{"inline_featured_image":false,"footnotes":""},"acf":[],"yoast_head":"<!-- This site is optimized with the Yoast SEO plugin v19.8 - https:\/\/yoast.com\/wordpress\/plugins\/seo\/ -->\n<title>Le Patio Private - Le Patio<\/title>\n<meta name=\"robots\" content=\"index, follow, max-snippet:-1, max-image-preview:large, max-video-preview:-1\" \/>\n<link rel=\"canonical\" href=\"https:\/\/lepatio-restaurant.ch\/fr\/lepatio-private\/\" \/>\n<meta property=\"og:locale\" content=\"fr_FR\" \/>\n<meta property=\"og:type\" content=\"article\" \/>\n<meta property=\"og:title\" content=\"Le Patio Private - Le Patio\" \/>\n<meta property=\"og:url\" content=\"https:\/\/lepatio-restaurant.ch\/fr\/lepatio-private\/\" \/>\n<meta property=\"og:site_name\" content=\"Le Patio\" \/>\n<meta property=\"article:modified_time\" content=\"2024-09-09T08:10:10+00:00\" \/>\n<meta name=\"twitter:card\" content=\"summary_large_image\" \/>\n<meta name=\"twitter:label1\" content=\"Est. reading time\" \/>\n\t<meta name=\"twitter:data1\" content=\"1 minute\" \/>\n<script type=\"application\/ld+json\" class=\"yoast-schema-graph\">{\"@context\":\"https:\/\/schema.org\",\"@graph\":[{\"@type\":\"WebPage\",\"@id\":\"https:\/\/lepatio-restaurant.ch\/fr\/lepatio-private\/\",\"url\":\"https:\/\/lepatio-restaurant.ch\/fr\/lepatio-private\/\",\"name\":\"Le Patio Private - Le Patio\",\"isPartOf\":{\"@id\":\"https:\/\/lepatio-restaurant.ch\/fr\/#website\"},\"datePublished\":\"2022-09-13T08:25:09+00:00\",\"dateModified\":\"2024-09-09T08:10:10+00:00\",\"breadcrumb\":{\"@id\":\"https:\/\/lepatio-restaurant.ch\/fr\/lepatio-private\/#breadcrumb\"},\"inLanguage\":\"fr-FR\",\"potentialAction\":[{\"@type\":\"ReadAction\",\"target\":[\"https:\/\/lepatio-restaurant.ch\/fr\/lepatio-private\/\"]}]},{\"@type\":\"BreadcrumbList\",\"@id\":\"https:\/\/lepatio-restaurant.ch\/fr\/lepatio-private\/#breadcrumb\",\"itemListElement\":[{\"@type\":\"ListItem\",\"position\":1,\"name\":\"Home\",\"item\":\"https:\/\/lepatio-restaurant.ch\/fr\/\"},{\"@type\":\"ListItem\",\"position\":2,\"name\":\"Le Patio Private\"}]},{\"@type\":\"WebSite\",\"@id\":\"https:\/\/lepatio-restaurant.ch\/fr\/#website\",\"url\":\"https:\/\/lepatio-restaurant.ch\/fr\/\",\"name\":\"Le Patio\",\"description\":\"Cr\u00e9ateur de vos moments d&#039;exception\",\"publisher\":{\"@id\":\"https:\/\/lepatio-restaurant.ch\/fr\/#organization\"},\"potentialAction\":[{\"@type\":\"SearchAction\",\"target\":{\"@type\":\"EntryPoint\",\"urlTemplate\":\"https:\/\/lepatio-restaurant.ch\/fr\/?s={search_term_string}\"},\"query-input\":\"required name=search_term_string\"}],\"inLanguage\":\"fr-FR\"},{\"@type\":\"Organization\",\"@id\":\"https:\/\/lepatio-restaurant.ch\/fr\/#organization\",\"name\":\"Le Patio\",\"url\":\"https:\/\/lepatio-restaurant.ch\/fr\/\",\"sameAs\":[],\"logo\":{\"@type\":\"ImageObject\",\"inLanguage\":\"fr-FR\",\"@id\":\"https:\/\/lepatio-restaurant.ch\/fr\/#\/schema\/logo\/image\/\",\"url\":\"https:\/\/lepatio-restaurant.ch\/app\/uploads\/2024\/05\/logo-lePatio2024.jpg\",\"contentUrl\":\"https:\/\/lepatio-restaurant.ch\/app\/uploads\/2024\/05\/logo-lePatio2024.jpg\",\"width\":400,\"height\":400,\"caption\":\"Le Patio\"},\"image\":{\"@id\":\"https:\/\/lepatio-restaurant.ch\/fr\/#\/schema\/logo\/image\/\"}}]}<\/script>\n<!-- \/ Yoast SEO plugin. -->","yoast_head_json":{"title":"Le Patio Private - Le Patio","robots":{"index":"index","follow":"follow","max-snippet":"max-snippet:-1","max-image-preview":"max-image-preview:large","max-video-preview":"max-video-preview:-1"},"canonical":"https:\/\/lepatio-restaurant.ch\/fr\/lepatio-private\/","og_locale":"fr_FR","og_type":"article","og_title":"Le Patio Private - Le Patio","og_url":"https:\/\/lepatio-restaurant.ch\/fr\/lepatio-private\/","og_site_name":"Le Patio","article_modified_time":"2024-09-09T08:10:10+00:00","twitter_card":"summary_large_image","twitter_misc":{"Est. reading time":"1 minute"},"schema":{"@context":"https:\/\/schema.org","@graph":[{"@type":"WebPage","@id":"https:\/\/lepatio-restaurant.ch\/fr\/lepatio-private\/","url":"https:\/\/lepatio-restaurant.ch\/fr\/lepatio-private\/","name":"Le Patio Private - Le Patio","isPartOf":{"@id":"https:\/\/lepatio-restaurant.ch\/fr\/#website"},"datePublished":"2022-09-13T08:25:09+00:00","dateModified":"2024-09-09T08:10:10+00:00","breadcrumb":{"@id":"https:\/\/lepatio-restaurant.ch\/fr\/lepatio-private\/#breadcrumb"},"inLanguage":"fr-FR","potentialAction":[{"@type":"ReadAction","target":["https:\/\/lepatio-restaurant.ch\/fr\/lepatio-private\/"]}]},{"@type":"BreadcrumbList","@id":"https:\/\/lepatio-restaurant.ch\/fr\/lepatio-private\/#breadcrumb","itemListElement":[{"@type":"ListItem","position":1,"name":"Home","item":"https:\/\/lepatio-restaurant.ch\/fr\/"},{"@type":"ListItem","position":2,"name":"Le Patio Private"}]},{"@type":"WebSite","@id":"https:\/\/lepatio-restaurant.ch\/fr\/#website","url":"https:\/\/lepatio-restaurant.ch\/fr\/","name":"Le Patio","description":"Cr\u00e9ateur de vos moments d&#039;exception","publisher":{"@id":"https:\/\/lepatio-restaurant.ch\/fr\/#organization"},"potentialAction":[{"@type":"SearchAction","target":{"@type":"EntryPoint","urlTemplate":"https:\/\/lepatio-restaurant.ch\/fr\/?s={search_term_string}"},"query-input":"required name=search_term_string"}],"inLanguage":"fr-FR"},{"@type":"Organization","@id":"https:\/\/lepatio-restaurant.ch\/fr\/#organization","name":"Le Patio","url":"https:\/\/lepatio-restaurant.ch\/fr\/","sameAs":[],"logo":{"@type":"ImageObject","inLanguage":"fr-FR","@id":"https:\/\/lepatio-restaurant.ch\/fr\/#\/schema\/logo\/image\/","url":"https:\/\/lepatio-restaurant.ch\/app\/uploads\/2024\/05\/logo-lePatio2024.jpg","contentUrl":"https:\/\/lepatio-restaurant.ch\/app\/uploads\/2024\/05\/logo-lePatio2024.jpg","width":400,"height":400,"caption":"Le Patio"},"image":{"@id":"https:\/\/lepatio-restaurant.ch\/fr\/#\/schema\/logo\/image\/"}}]}},"_links":{"self":[{"href":"https:\/\/lepatio-restaurant.ch\/fr\/wp-json\/wp\/v2\/pages\/514"}],"collection":[{"href":"https:\/\/lepatio-restaurant.ch\/fr\/wp-json\/wp\/v2\/pages"}],"about":[{"href":"https:\/\/lepatio-restaurant.ch\/fr\/wp-json\/wp\/v2\/types\/page"}],"author":[{"embeddable":true,"href":"https:\/\/lepatio-restaurant.ch\/fr\/wp-json\/wp\/v2\/users\/6"}],"replies":[{"embeddable":true,"href":"https:\/\/lepatio-restaurant.ch\/fr\/wp-json\/wp\/v2\/comments?post=514"}],"version-history":[{"count":105,"href":"https:\/\/lepatio-restaurant.ch\/fr\/wp-json\/wp\/v2\/pages\/514\/revisions"}],"predecessor-version":[{"id":3264,"href":"https:\/\/lepatio-restaurant.ch\/fr\/wp-json\/wp\/v2\/pages\/514\/revisions\/3264"}],"wp:attachment":[{"href":"https:\/\/lepatio-restaurant.ch\/fr\/wp-json\/wp\/v2\/media?parent=514"}],"curies":[{"name":"wp","href":"https:\/\/api.w.org\/{rel}","templated":true}]}}