





{"id":735,"date":"2022-09-23T09:49:26","date_gmt":"2022-09-23T07:49:26","guid":{"rendered":"https:\/\/lepatio-restaurant.ch\/?page_id=735"},"modified":"2024-09-09T10:09:00","modified_gmt":"2024-09-09T08:09:00","slug":"contact","status":"publish","type":"page","link":"https:\/\/lepatio-restaurant.ch\/fr\/contact\/","title":{"rendered":"Contact"},"content":{"rendered":"<div class=\" container-fluid hero-page\" style=\"background-image:linear-gradient(0deg, transparent  -5%, rgba(0, 0, 0, 0.55) 120%), url('https:\/\/lepatio-restaurant.ch\/app\/uploads\/2022\/11\/ARC1925.jpg');\" id=\"hero_block\">\n    <a href=\"https:\/\/lepatio-restaurant.ch\/fr\/\" class=\"hero-logo-link\" > \n      <span class=\"hero-logo\" style=\"background-image: url('https:\/\/lepatio-restaurant.ch\/app\/themes\/sowh4t-wp-starter\/assets\/img\/le_patio_logo_blanc.svg');\"><\/span>\n        <\/a>\n\n\n      <h1 class=\"hero-title\"> Contact <\/h1>\n  \n    \n\n      <div class=\"row discover-row\">\n      <div class=\"col-md-12\">\n      <a href=\"#bouillon-content\" class=\"skip\">\n                D\u00e9couvrir\n                <i class=\"fa-solid fa-chevron-down\"><\/i>\n      <\/a>\n      <\/div>\n    <\/div>\n   \n\n<\/div>\n<div id=\"bouillon-content\"><\/div>\n\n  <div class=\"container block-title\" id=\"\">\n  <div class=\"row\">\n    <div class=\"col-md-12 row-title\">\n      <h2 class=\"fields-title\">Le Patio, Rive Gauche<\/h2>\n      <p class=\"fields-subtitle\"> <p class=\u00ab lead bold txt-center \u00bb>\r\nToujours le m\u00eame mais tellement diff\u00e9rent&#8230;Situ\u00e9 sur le c\u00e9l\u00e8bre Boulevard Helv\u00e9tique, le restaurant, connu des Genevois depuis plusieurs g\u00e9n\u00e9rations, a b\u00e2ti sa r\u00e9putation sur les traces de grands chefs comme l&#8217;incontournable Philippe Chevrier. Les murs du restaurant, avec leurs arcs historiques et leur ma\u00e7onnerie, ont \u00e9t\u00e9 les t\u00e9moins d&#8217;une succession de moments privil\u00e9gi\u00e9s, toujours autour d&#8217;un bon repas.\r\n<\/p>\r\n<p class=\u00ab lead bold txt-center \u00bb>\r\nBoulevard Helv\u00e9tique 19, 1207 Gen\u00e8ve\r\n<\/p>\r\n<p class=\u00ab lead bold txt-center \u00bb>\r\n\tTel +41 (0)22 736 66 75\r\n<\/p>\r\n <\/p>\n    <\/div>\n  <\/div>\n\n  \n<\/div>\n\n<div class=\"container schedule-container\">\n\t<div class=\"row\">\n\t\t\n          <div class=\"single-day\">\n        <span class=\"day-name\">\n        LUN\n        <\/span>\n        <span class=\"lunch-schedule\">\n        12h00 &#8211; 14h00\n        <\/span>\n        <span class=\"evening-schedule\">\n        19h00 &#8211; 22h00\n        <\/span>\n      <\/div>\n          <div class=\"single-day\">\n        <span class=\"day-name\">\n        MAR\n        <\/span>\n        <span class=\"lunch-schedule\">\n        12h00 &#8211; 14h00\n        <\/span>\n        <span class=\"evening-schedule\">\n        19h00 &#8211; 22h00\n        <\/span>\n      <\/div>\n          <div class=\"single-day\">\n        <span class=\"day-name\">\n        MER\n        <\/span>\n        <span class=\"lunch-schedule\">\n        12h00 &#8211; 14h00\n        <\/span>\n        <span class=\"evening-schedule\">\n        19h00 &#8211; 22h00\n        <\/span>\n      <\/div>\n          <div class=\"single-day\">\n        <span class=\"day-name\">\n        JEU\n        <\/span>\n        <span class=\"lunch-schedule\">\n        12h00 &#8211; 14h00\n        <\/span>\n        <span class=\"evening-schedule\">\n        19h00 &#8211; 22h00\n        <\/span>\n      <\/div>\n          <div class=\"single-day\">\n        <span class=\"day-name\">\n        VEN\n        <\/span>\n        <span class=\"lunch-schedule\">\n        12h00 &#8211; 14h00\n        <\/span>\n        <span class=\"evening-schedule\">\n        19h00 &#8211; 22h00\n        <\/span>\n      <\/div>\n    \t\t\n\t<\/div>\n<\/div>\n\n\n<div class=\"wp-block-contact-form-7-contact-form-selector\"><div role=\"form\" class=\"wpcf7\" id=\"wpcf7-f729-o1\" lang=\"fr-FR\" dir=\"ltr\">\n<div class=\"screen-reader-response\"><p role=\"status\" aria-live=\"polite\" aria-atomic=\"true\"><\/p> <ul><\/ul><\/div>\n<form action=\"\/fr\/wp-json\/wp\/v2\/pages\/735#wpcf7-f729-o1\" method=\"post\" class=\"wpcf7-form init\" novalidate=\"novalidate\" data-status=\"init\">\n<div style=\"display: none;\">\n<input type=\"hidden\" name=\"_wpcf7\" value=\"729\" \/>\n<input type=\"hidden\" name=\"_wpcf7_version\" value=\"5.6.3\" \/>\n<input type=\"hidden\" name=\"_wpcf7_locale\" value=\"fr_FR\" \/>\n<input type=\"hidden\" name=\"_wpcf7_unit_tag\" value=\"wpcf7-f729-o1\" \/>\n<input type=\"hidden\" name=\"_wpcf7_container_post\" value=\"0\" \/>\n<input type=\"hidden\" name=\"_wpcf7_posted_data_hash\" value=\"\" \/>\n<\/div>\n<div class=\"container form-container\">\n<div class=\"row\">\n<div class=\"col-md-4 name-col\">\n  <label> Nom<span class=\"required\">*<\/span><br \/>\n    <span class=\"wpcf7-form-control-wrap\" data-name=\"your-name\"><input type=\"text\" name=\"your-name\" value=\"\" size=\"40\" class=\"wpcf7-form-control wpcf7-text wpcf7-validates-as-required\" aria-required=\"true\" aria-invalid=\"false\" \/><\/span> <\/label>\n<\/div>\n<div class=\"col-md-4 firstname-col\">\n  <label> Pr\u00e9nom<span class=\"required\">*<\/span><br \/>\n    <span class=\"wpcf7-form-control-wrap\" data-name=\"your-firstname\"><input type=\"text\" name=\"your-firstname\" value=\"\" size=\"40\" class=\"wpcf7-form-control wpcf7-text wpcf7-validates-as-required\" aria-required=\"true\" aria-invalid=\"false\" \/><\/span> <\/label>\n<\/div>\n<div class=\"col-md-4 email-col\">\n  <label> E-mail<span class=\"required\">*<\/span><br \/>\n    <span class=\"wpcf7-form-control-wrap\" data-name=\"your-email\"><input type=\"email\" name=\"your-email\" value=\"\" size=\"40\" class=\"wpcf7-form-control wpcf7-text wpcf7-email wpcf7-validates-as-required wpcf7-validates-as-email\" aria-required=\"true\" aria-invalid=\"false\" \/><\/span> <\/label>\n<\/div>\n<div class=\"col-md-4 phone-col\">\n  <label> T\u00e9l\u00e9phone<span class=\"required\">*<\/span><br \/>\n    <span class=\"wpcf7-form-control-wrap\" data-name=\"your-phone\"><input type=\"tel\" name=\"your-phone\" value=\"\" size=\"40\" class=\"wpcf7-form-control wpcf7-text wpcf7-tel wpcf7-validates-as-required wpcf7-validates-as-tel\" aria-required=\"true\" aria-invalid=\"false\" \/><\/span> <\/label>\n<\/div>\n<div class=\"col-md-4 subject-col\">\n  <label> Objet<span class=\"required\">*<\/span><br \/>\n    <span class=\"wpcf7-form-control-wrap\" data-name=\"your-subject\"><input type=\"text\" name=\"your-subject\" value=\"\" size=\"40\" class=\"wpcf7-form-control wpcf7-text wpcf7-validates-as-required\" aria-required=\"true\" aria-invalid=\"false\" \/><\/span> <\/label>\n<\/div>\n<div class=\"col-md-4 destination-col\">\n  <label> \u00c0 destination<span class=\"required\">*<\/span><br \/>\n     <span class=\"wpcf7-form-control-wrap\" data-name=\"email-recipient\"><select name=\"email-recipient\" class=\"wpcf7-form-control wpcf7-select wpcf7-validates-as-required\" aria-required=\"true\" aria-invalid=\"false\"><option value=\"Informations\">Informations<\/option><option value=\"\u00c9v\u00e9nements\">\u00c9v\u00e9nements<\/option><option value=\"R\u00e9servation\">R\u00e9servation<\/option><option value=\"Fournisseur\">Fournisseur<\/option><option value=\"Recrutement\">Recrutement<\/option><option value=\"Communication\">Communication<\/option><option value=\"Web\">Web<\/option><\/select><\/span><br \/>\n<\/label>\n<\/div>\n<div class=\"col-md-12 message-col\">\n  <label> Message<span class=\"required\">*<\/span><br \/>\n    <span class=\"wpcf7-form-control-wrap\" data-name=\"your-message\"><textarea name=\"your-message\" cols=\"40\" rows=\"10\" class=\"wpcf7-form-control wpcf7-textarea wpcf7-validates-as-required\" aria-required=\"true\" aria-invalid=\"false\"><\/textarea><\/span> <\/label>\n<\/div>\n<p><span id=\"wpcf7-69f582b4ac2e9-wrapper\" class=\"wpcf7-form-control-wrap honeypot-975-wrap\" style=\"display:none !important; visibility:hidden !important;\"><label for=\"wpcf7-69f582b4ac2e9-field\" class=\"hp-message\">Please leave this field empty.<\/label><input id=\"wpcf7-69f582b4ac2e9-field\"  class=\"wpcf7-form-control wpcf7-text\" type=\"text\" name=\"honeypot-975\" value=\"\" size=\"40\" tabindex=\"-1\" autocomplete=\"new-password\" \/><\/span><\/p>\n<div class=\"col-md-12 button-col\">\n   <input type=\"submit\" value=\"ENVOYER\" class=\"wpcf7-form-control has-spinner wpcf7-submit fields-button\" \/>\n<\/div>\n<\/div>\n<\/div>\n<div class=\"wpcf7-response-output\" aria-hidden=\"true\"><\/div><\/form><\/div><\/div>\n\n\n\n<!-- Zenchef Widget SDK -->\n<script>;(function (d, s, id) {const el = d.getElementsByTagName(s)[0]; if (d.getElementById(id) || el.parentNode == null) {return;} var js = d.createElement(s);  js.id = id; js.async = true; js.src = 'https:\/\/sdk.zenchef.com\/v1\/sdk.min.js';  el.parentNode.insertBefore(js, el); })(document, 'script', 'zenchef-sdk')<\/script>\n<div\n   class=\"zc-widget-config\"\n   data-restaurant=\"367767\"\n   data-open=\"2000\"><\/div>\n","protected":false},"excerpt":{"rendered":"","protected":false},"author":6,"featured_media":0,"parent":0,"menu_order":0,"comment_status":"closed","ping_status":"closed","template":"","meta":{"inline_featured_image":false,"footnotes":""},"acf":[],"yoast_head":"<!-- This site is optimized with the Yoast SEO plugin v19.8 - https:\/\/yoast.com\/wordpress\/plugins\/seo\/ -->\n<title>Contact - Le Patio<\/title>\n<meta name=\"robots\" content=\"index, follow, max-snippet:-1, max-image-preview:large, max-video-preview:-1\" \/>\n<link rel=\"canonical\" href=\"https:\/\/lepatio-restaurant.ch\/fr\/contact\/\" \/>\n<meta property=\"og:locale\" content=\"fr_FR\" \/>\n<meta property=\"og:type\" content=\"article\" \/>\n<meta property=\"og:title\" content=\"Contact - Le Patio\" \/>\n<meta property=\"og:url\" content=\"https:\/\/lepatio-restaurant.ch\/fr\/contact\/\" \/>\n<meta property=\"og:site_name\" content=\"Le Patio\" \/>\n<meta property=\"article:modified_time\" content=\"2024-09-09T08:09:00+00:00\" \/>\n<meta name=\"twitter:card\" content=\"summary_large_image\" \/>\n<meta name=\"twitter:label1\" content=\"Est. reading time\" \/>\n\t<meta name=\"twitter:data1\" content=\"1 minute\" \/>\n<script type=\"application\/ld+json\" class=\"yoast-schema-graph\">{\"@context\":\"https:\/\/schema.org\",\"@graph\":[{\"@type\":\"WebPage\",\"@id\":\"https:\/\/lepatio-restaurant.ch\/fr\/contact\/\",\"url\":\"https:\/\/lepatio-restaurant.ch\/fr\/contact\/\",\"name\":\"Contact - Le Patio\",\"isPartOf\":{\"@id\":\"https:\/\/lepatio-restaurant.ch\/fr\/#website\"},\"datePublished\":\"2022-09-23T07:49:26+00:00\",\"dateModified\":\"2024-09-09T08:09:00+00:00\",\"breadcrumb\":{\"@id\":\"https:\/\/lepatio-restaurant.ch\/fr\/contact\/#breadcrumb\"},\"inLanguage\":\"fr-FR\",\"potentialAction\":[{\"@type\":\"ReadAction\",\"target\":[\"https:\/\/lepatio-restaurant.ch\/fr\/contact\/\"]}]},{\"@type\":\"BreadcrumbList\",\"@id\":\"https:\/\/lepatio-restaurant.ch\/fr\/contact\/#breadcrumb\",\"itemListElement\":[{\"@type\":\"ListItem\",\"position\":1,\"name\":\"Home\",\"item\":\"https:\/\/lepatio-restaurant.ch\/fr\/\"},{\"@type\":\"ListItem\",\"position\":2,\"name\":\"Contact\"}]},{\"@type\":\"WebSite\",\"@id\":\"https:\/\/lepatio-restaurant.ch\/fr\/#website\",\"url\":\"https:\/\/lepatio-restaurant.ch\/fr\/\",\"name\":\"Le Patio\",\"description\":\"Cr\u00e9ateur de vos moments d&#039;exception\",\"publisher\":{\"@id\":\"https:\/\/lepatio-restaurant.ch\/fr\/#organization\"},\"potentialAction\":[{\"@type\":\"SearchAction\",\"target\":{\"@type\":\"EntryPoint\",\"urlTemplate\":\"https:\/\/lepatio-restaurant.ch\/fr\/?s={search_term_string}\"},\"query-input\":\"required name=search_term_string\"}],\"inLanguage\":\"fr-FR\"},{\"@type\":\"Organization\",\"@id\":\"https:\/\/lepatio-restaurant.ch\/fr\/#organization\",\"name\":\"Le Patio\",\"url\":\"https:\/\/lepatio-restaurant.ch\/fr\/\",\"sameAs\":[],\"logo\":{\"@type\":\"ImageObject\",\"inLanguage\":\"fr-FR\",\"@id\":\"https:\/\/lepatio-restaurant.ch\/fr\/#\/schema\/logo\/image\/\",\"url\":\"https:\/\/lepatio-restaurant.ch\/app\/uploads\/2024\/05\/logo-lePatio2024.jpg\",\"contentUrl\":\"https:\/\/lepatio-restaurant.ch\/app\/uploads\/2024\/05\/logo-lePatio2024.jpg\",\"width\":400,\"height\":400,\"caption\":\"Le Patio\"},\"image\":{\"@id\":\"https:\/\/lepatio-restaurant.ch\/fr\/#\/schema\/logo\/image\/\"}}]}<\/script>\n<!-- \/ Yoast SEO plugin. -->","yoast_head_json":{"title":"Contact - Le Patio","robots":{"index":"index","follow":"follow","max-snippet":"max-snippet:-1","max-image-preview":"max-image-preview:large","max-video-preview":"max-video-preview:-1"},"canonical":"https:\/\/lepatio-restaurant.ch\/fr\/contact\/","og_locale":"fr_FR","og_type":"article","og_title":"Contact - Le Patio","og_url":"https:\/\/lepatio-restaurant.ch\/fr\/contact\/","og_site_name":"Le Patio","article_modified_time":"2024-09-09T08:09:00+00:00","twitter_card":"summary_large_image","twitter_misc":{"Est. reading time":"1 minute"},"schema":{"@context":"https:\/\/schema.org","@graph":[{"@type":"WebPage","@id":"https:\/\/lepatio-restaurant.ch\/fr\/contact\/","url":"https:\/\/lepatio-restaurant.ch\/fr\/contact\/","name":"Contact - Le Patio","isPartOf":{"@id":"https:\/\/lepatio-restaurant.ch\/fr\/#website"},"datePublished":"2022-09-23T07:49:26+00:00","dateModified":"2024-09-09T08:09:00+00:00","breadcrumb":{"@id":"https:\/\/lepatio-restaurant.ch\/fr\/contact\/#breadcrumb"},"inLanguage":"fr-FR","potentialAction":[{"@type":"ReadAction","target":["https:\/\/lepatio-restaurant.ch\/fr\/contact\/"]}]},{"@type":"BreadcrumbList","@id":"https:\/\/lepatio-restaurant.ch\/fr\/contact\/#breadcrumb","itemListElement":[{"@type":"ListItem","position":1,"name":"Home","item":"https:\/\/lepatio-restaurant.ch\/fr\/"},{"@type":"ListItem","position":2,"name":"Contact"}]},{"@type":"WebSite","@id":"https:\/\/lepatio-restaurant.ch\/fr\/#website","url":"https:\/\/lepatio-restaurant.ch\/fr\/","name":"Le Patio","description":"Cr\u00e9ateur de vos moments d&#039;exception","publisher":{"@id":"https:\/\/lepatio-restaurant.ch\/fr\/#organization"},"potentialAction":[{"@type":"SearchAction","target":{"@type":"EntryPoint","urlTemplate":"https:\/\/lepatio-restaurant.ch\/fr\/?s={search_term_string}"},"query-input":"required name=search_term_string"}],"inLanguage":"fr-FR"},{"@type":"Organization","@id":"https:\/\/lepatio-restaurant.ch\/fr\/#organization","name":"Le Patio","url":"https:\/\/lepatio-restaurant.ch\/fr\/","sameAs":[],"logo":{"@type":"ImageObject","inLanguage":"fr-FR","@id":"https:\/\/lepatio-restaurant.ch\/fr\/#\/schema\/logo\/image\/","url":"https:\/\/lepatio-restaurant.ch\/app\/uploads\/2024\/05\/logo-lePatio2024.jpg","contentUrl":"https:\/\/lepatio-restaurant.ch\/app\/uploads\/2024\/05\/logo-lePatio2024.jpg","width":400,"height":400,"caption":"Le Patio"},"image":{"@id":"https:\/\/lepatio-restaurant.ch\/fr\/#\/schema\/logo\/image\/"}}]}},"_links":{"self":[{"href":"https:\/\/lepatio-restaurant.ch\/fr\/wp-json\/wp\/v2\/pages\/735"}],"collection":[{"href":"https:\/\/lepatio-restaurant.ch\/fr\/wp-json\/wp\/v2\/pages"}],"about":[{"href":"https:\/\/lepatio-restaurant.ch\/fr\/wp-json\/wp\/v2\/types\/page"}],"author":[{"embeddable":true,"href":"https:\/\/lepatio-restaurant.ch\/fr\/wp-json\/wp\/v2\/users\/6"}],"replies":[{"embeddable":true,"href":"https:\/\/lepatio-restaurant.ch\/fr\/wp-json\/wp\/v2\/comments?post=735"}],"version-history":[{"count":30,"href":"https:\/\/lepatio-restaurant.ch\/fr\/wp-json\/wp\/v2\/pages\/735\/revisions"}],"predecessor-version":[{"id":3262,"href":"https:\/\/lepatio-restaurant.ch\/fr\/wp-json\/wp\/v2\/pages\/735\/revisions\/3262"}],"wp:attachment":[{"href":"https:\/\/lepatio-restaurant.ch\/fr\/wp-json\/wp\/v2\/media?parent=735"}],"curies":[{"name":"wp","href":"https:\/\/api.w.org\/{rel}","templated":true}]}}